{"id":702,"date":"2025-01-17T15:33:12","date_gmt":"2025-01-17T14:33:12","guid":{"rendered":"https:\/\/www.simonahlstrom.se\/?page_id=702"},"modified":"2025-03-17T10:54:45","modified_gmt":"2025-03-17T09:54:45","slug":"du-min-van","status":"publish","type":"page","link":"https:\/\/www.simonahlstrom.se\/index.php\/du-min-van\/","title":{"rendered":"Du, min v\u00e4n"},"content":{"rendered":"\n<hr class=\"wp-block-separator has-alpha-channel-opacity\"\/>\n\n\n\n<p class=\"has-text-align-left\"><strong>Text &amp; musik:<\/strong> Simon Ahlstr\u00f6m<\/p>\n\n\n\n<hr class=\"wp-block-separator has-alpha-channel-opacity\"\/>\n\n\n\n<p><strong>Vers 1:<\/strong><br>Du, min v\u00e4n, l\u00e5t mig visa dig<br>att r\u00e4dslan aldrig f\u00e5r styra din framtidsv\u00e4g<br>det \u00e4r viktigt att l\u00e4ra sig att s\u00e4ga nej,<br>till dom som sprider hatet som sin grej. <br>F\u00f6r det har visat sig, g\u00e5ng p\u00e5 g\u00e5ng<br>n\u00e4r felaktigheter och dumhet f\u00e5r sprida sig<br>att det enda som ger dig framg\u00e5ng<br>\u00e4r kunskap och f\u00f6rst\u00e5else, f\u00f6r v\u00e4rlden du har framf\u00f6r dig.<\/p>\n\n\n\n<p><strong>Vers 2:<\/strong><br>T\u00e4nk, min v\u00e4n, p\u00e5 v\u00e5ra medm\u00e4nniskor<br>h\u00e4r och runtom v\u00e5r jord, som k\u00e4mpar f\u00f6r sin r\u00f6st<br>mot f\u00f6rtryckets och or\u00e4ttvisornas m\u00f6rka ord<br>det minsta vi kan g\u00f6ra \u00e4r att sk\u00e4nka mod.<br>F\u00f6r t\u00e4nk, min v\u00e4n, om dom slutade<br>och b\u00f6rja&#8217; dansa med, i f\u00f6rtryckarnas dans<br>ja, d\u00e5 skulle deras liv bli begr\u00e4nsade<br>och allt, f\u00e5 en helt annan nyans.<\/p>\n\n\n\n<p><strong>Vers 3:<\/strong><br>S\u00e5 du, min v\u00e4n, n\u00e4r du v\u00e4xt upp<br>och blivit framtid och nya tidens hopp<br>kan du tillsammans med andras tro<br>se till att j\u00e4mlikheten till slut f\u00e5r gro!<br>S\u00e5 dr\u00f6m, min v\u00e4n, dr\u00f6m om l\u00f6ftenas land<br>d\u00e4r barn v\u00e4xer upp utan f\u00f6rakt och hat<br>d\u00e4r dom vuxna bygger broar till dr\u00f6mmars land<br>som l\u00e4nkar samman varje individ och stat.<\/p>\n\n\n\n<hr class=\"wp-block-separator has-alpha-channel-opacity\"\/>\n","protected":false},"excerpt":{"rendered":"<p>Text &amp; musik: Simon Ahlstr\u00f6m Vers 1:Du, min v\u00e4n, l\u00e5t mig visa digatt r\u00e4dslan aldrig f\u00e5r styra din framtidsv\u00e4gdet \u00e4r viktigt att l\u00e4ra sig att s\u00e4ga nej,till dom som sprider hatet som sin grej. F\u00f6r det har visat sig, g\u00e5ng p\u00e5 g\u00e5ngn\u00e4r felaktigheter och dumhet f\u00e5r sprida sigatt det enda som ger dig framg\u00e5ng\u00e4r kunskap [&hellip;]<\/p>\n","protected":false},"author":1,"featured_media":0,"parent":0,"menu_order":0,"comment_status":"closed","ping_status":"closed","template":"","meta":{"footnotes":""},"class_list":["post-702","page","type-page","status-publish","hentry"],"jetpack_sharing_enabled":true,"_links":{"self":[{"href":"https:\/\/www.simonahlstrom.se\/index.php\/wp-json\/wp\/v2\/pages\/702","targetHints":{"allow":["GET"]}}],"collection":[{"href":"https:\/\/www.simonahlstrom.se\/index.php\/wp-json\/wp\/v2\/pages"}],"about":[{"href":"https:\/\/www.simonahlstrom.se\/index.php\/wp-json\/wp\/v2\/types\/page"}],"author":[{"embeddable":true,"href":"https:\/\/www.simonahlstrom.se\/index.php\/wp-json\/wp\/v2\/users\/1"}],"replies":[{"embeddable":true,"href":"https:\/\/www.simonahlstrom.se\/index.php\/wp-json\/wp\/v2\/comments?post=702"}],"version-history":[{"count":3,"href":"https:\/\/www.simonahlstrom.se\/index.php\/wp-json\/wp\/v2\/pages\/702\/revisions"}],"predecessor-version":[{"id":763,"href":"https:\/\/www.simonahlstrom.se\/index.php\/wp-json\/wp\/v2\/pages\/702\/revisions\/763"}],"wp:attachment":[{"href":"https:\/\/www.simonahlstrom.se\/index.php\/wp-json\/wp\/v2\/media?parent=702"}],"curies":[{"name":"wp","href":"https:\/\/api.w.org\/{rel}","templated":true}]}}