{"id":673,"date":"2024-05-21T06:36:06","date_gmt":"2024-05-21T04:36:06","guid":{"rendered":"https:\/\/www.simonahlstrom.se\/?page_id=673"},"modified":"2024-05-21T06:36:06","modified_gmt":"2024-05-21T04:36:06","slug":"latrelease-om-en-parla-i-mellanskane","status":"publish","type":"page","link":"https:\/\/www.simonahlstrom.se\/index.php\/latrelease-om-en-parla-i-mellanskane\/","title":{"rendered":"L\u00e5trelease &#8211; om en p\u00e4rla i Mellansk\u00e5ne!"},"content":{"rendered":"\n<p><strong>\u00d6stra Karaby, en by med anor sedan hundratals \u00e5r, \u00e4r nu ocks\u00e5 \u00e4mnet f\u00f6r en l\u00e5t!<\/strong><\/p>\n\n\n\n<figure class=\"wp-block-image aligncenter size-large\"><img data-recalc-dims=\"1\" loading=\"lazy\" decoding=\"async\" width=\"1015\" height=\"1024\" src=\"https:\/\/i0.wp.com\/www.simonahlstrom.se\/wp-content\/uploads\/2024\/05\/IMG_4263-1.jpeg?resize=1015%2C1024&#038;ssl=1\" alt=\"\" class=\"wp-image-675\" srcset=\"https:\/\/i0.wp.com\/www.simonahlstrom.se\/wp-content\/uploads\/2024\/05\/IMG_4263-1.jpeg?resize=1015%2C1024&amp;ssl=1 1015w, https:\/\/i0.wp.com\/www.simonahlstrom.se\/wp-content\/uploads\/2024\/05\/IMG_4263-1.jpeg?resize=297%2C300&amp;ssl=1 297w, https:\/\/i0.wp.com\/www.simonahlstrom.se\/wp-content\/uploads\/2024\/05\/IMG_4263-1.jpeg?resize=150%2C150&amp;ssl=1 150w, https:\/\/i0.wp.com\/www.simonahlstrom.se\/wp-content\/uploads\/2024\/05\/IMG_4263-1.jpeg?resize=768%2C775&amp;ssl=1 768w, https:\/\/i0.wp.com\/www.simonahlstrom.se\/wp-content\/uploads\/2024\/05\/IMG_4263-1.jpeg?resize=600%2C605&amp;ssl=1 600w, https:\/\/i0.wp.com\/www.simonahlstrom.se\/wp-content\/uploads\/2024\/05\/IMG_4263-1.jpeg?resize=100%2C100&amp;ssl=1 100w, https:\/\/i0.wp.com\/www.simonahlstrom.se\/wp-content\/uploads\/2024\/05\/IMG_4263-1.jpeg?w=1022&amp;ssl=1 1022w\" sizes=\"auto, (max-width: 1000px) 100vw, 1000px\" \/><\/figure>\n\n\n\n<p>Jag har skrivit en k\u00e4rleksf\u00f6rklaring till den vackra sk\u00e5nska byn \u00d6stra Karaby, som ligger i Esl\u00f6vs kommun och d\u00e4r jag sj\u00e4lv bor. L\u00e5ten kom till efter att jag fick en spelning vid \u00d6stra Karabys kyrka sommaren 2023. Jag ville ta med n\u00e5got nytt och fr\u00e4scht. Eftersom jag flyttade till byn 2022 k\u00e4ndes det sj\u00e4lvklart att skriva en l\u00e5t om byn och dess omgivningar, som har en fantastisk utsikt, en rik historia och en inspirerande natur.&nbsp;<\/p>\n\n\n\n<p>Efter mitt framtr\u00e4dande med l\u00e5ten i \u00d6stra Karaby blev jag &#8221;godk\u00e4nd inv\u00e5nare i byn&#8221;. Normalt sett s\u00e4gs det att det tar sju generationer att bli det\u2026 s\u00e4gs det, lite sk\u00e4mtsamt!&nbsp;<\/p>\n\n\n\n<p>Sedan dess har l\u00e5ten spelats av mig vid olika tillf\u00e4llen och varje g\u00e5ng har jag m\u00f6tt m\u00e4nniskor fr\u00e5n publiken som har alltid n\u00e5gon haft n\u00e5gon form av relation till byn, trots att byn bara har lite \u00f6ver 100 inv\u00e5nare!<\/p>\n\n\n\n<p>L\u00e5ten \u00e4r inspelad, mixad och mastrad i \u00d6stra Karaby.<\/p>\n","protected":false},"excerpt":{"rendered":"<p>\u00d6stra Karaby, en by med anor sedan hundratals \u00e5r, \u00e4r nu ocks\u00e5 \u00e4mnet f\u00f6r en l\u00e5t! Jag har skrivit en k\u00e4rleksf\u00f6rklaring till den vackra sk\u00e5nska byn \u00d6stra Karaby, som ligger i Esl\u00f6vs kommun och d\u00e4r jag sj\u00e4lv bor. L\u00e5ten kom till efter att jag fick en spelning vid \u00d6stra Karabys kyrka sommaren 2023. Jag ville [&hellip;]<\/p>\n","protected":false},"author":1,"featured_media":0,"parent":0,"menu_order":0,"comment_status":"closed","ping_status":"closed","template":"","meta":{"footnotes":""},"class_list":["post-673","page","type-page","status-publish","hentry"],"jetpack_sharing_enabled":true,"_links":{"self":[{"href":"https:\/\/www.simonahlstrom.se\/index.php\/wp-json\/wp\/v2\/pages\/673","targetHints":{"allow":["GET"]}}],"collection":[{"href":"https:\/\/www.simonahlstrom.se\/index.php\/wp-json\/wp\/v2\/pages"}],"about":[{"href":"https:\/\/www.simonahlstrom.se\/index.php\/wp-json\/wp\/v2\/types\/page"}],"author":[{"embeddable":true,"href":"https:\/\/www.simonahlstrom.se\/index.php\/wp-json\/wp\/v2\/users\/1"}],"replies":[{"embeddable":true,"href":"https:\/\/www.simonahlstrom.se\/index.php\/wp-json\/wp\/v2\/comments?post=673"}],"version-history":[{"count":1,"href":"https:\/\/www.simonahlstrom.se\/index.php\/wp-json\/wp\/v2\/pages\/673\/revisions"}],"predecessor-version":[{"id":677,"href":"https:\/\/www.simonahlstrom.se\/index.php\/wp-json\/wp\/v2\/pages\/673\/revisions\/677"}],"wp:attachment":[{"href":"https:\/\/www.simonahlstrom.se\/index.php\/wp-json\/wp\/v2\/media?parent=673"}],"curies":[{"name":"wp","href":"https:\/\/api.w.org\/{rel}","templated":true}]}}