{"id":55,"date":"2024-01-17T18:21:11","date_gmt":"2024-01-17T17:21:11","guid":{"rendered":"https:\/\/www.simonahlstrom.se\/?page_id=55"},"modified":"2025-11-07T08:39:56","modified_gmt":"2025-11-07T07:39:56","slug":"texter","status":"publish","type":"page","link":"https:\/\/www.simonahlstrom.se\/index.php\/texter\/","title":{"rendered":"Texter"},"content":{"rendered":"<p><head><script async src=\"https:\/\/pagead2.googlesyndication.com\/pagead\/js\/adsbygoogle.js?client=ca-pub-6183978365889088\"\n     crossorigin=\"anonymous\"><\/script><\/head><\/p>\n\n\n<p>H\u00e4r finner du mina texter. <\/p>\n\n\n\n<p><a href=\"https:\/\/www.simonahlstrom.se\/index.php\/agera\/\">Agera<\/a> <br><a href=\"https:\/\/www.simonahlstrom.se\/index.php\/act-now\/\">Act Now<\/a><br><a href=\"https:\/\/www.simonahlstrom.se\/index.php\/amandla-awethu\/\" data-type=\"page\" data-id=\"798\">Amandla Awethu<\/a><\/p>\n\n\n\n<p><a href=\"https:\/\/www.simonahlstrom.se\/index.php\/bakom-ridan\/\" data-type=\"page\" data-id=\"120\">Bakom rid\u00e5n<\/a><\/p>\n\n\n\n<p><a href=\"https:\/\/www.simonahlstrom.se\/index.php\/cirkus-varlden\/\" data-type=\"page\" data-id=\"151\">Cirkus v\u00e4rlden<\/a><br><a href=\"https:\/\/www.simonahlstrom.se\/index.php\/corona\/\" data-type=\"page\" data-id=\"122\">Corona<\/a><\/p>\n\n\n\n<p><a href=\"https:\/\/www.simonahlstrom.se\/index.php\/du-min-van\/\" data-type=\"link\" data-id=\"https:\/\/www.simonahlstrom.se\/index.php\/du-min-van\/\">Du, min v\u00e4n<\/a><\/p>\n\n\n\n<p><a href=\"https:\/\/www.simonahlstrom.se\/index.php\/felicia\/\" data-type=\"page\" data-id=\"136\">Felicia<\/a><\/p>\n\n\n\n<p><a href=\"https:\/\/www.simonahlstrom.se\/index.php\/hor-mej\/\" data-type=\"page\" data-id=\"153\">H\u00f6r mej<\/a><\/p>\n\n\n\n<p>I mitt dr\u00f6mmarnas land <\/p>\n\n\n\n<p><a href=\"https:\/\/www.simonahlstrom.se\/index.php\/kom-hitat-go-vanner\/\" data-type=\"page\" data-id=\"146\">Kom hit\u00e5t go&#8217; v\u00e4nner<\/a><\/p>\n\n\n\n<p><a href=\"https:\/\/www.simonahlstrom.se\/index.php\/lat-mej-fa-ta-din-hand\/\" data-type=\"page\" data-id=\"144\">L\u00e5t mig f\u00e5 ta din hand<\/a><\/p>\n\n\n\n<p><a href=\"https:\/\/www.simonahlstrom.se\/index.php\/midsommar\/\" data-type=\"page\" data-id=\"134\">Midsommar<\/a><\/p>\n\n\n\n<p><a href=\"https:\/\/www.simonahlstrom.se\/index.php\/pendeln\/\" data-type=\"page\" data-id=\"142\">Pendeln<\/a><\/p>\n\n\n\n<p><a href=\"https:\/\/www.simonahlstrom.se\/index.php\/skattevisan\/\" data-type=\"page\" data-id=\"140\">Skattevisan<\/a><\/p>\n\n\n\n<p><a href=\"https:\/\/www.simonahlstrom.se\/index.php\/tankar-i-natten\/\" data-type=\"page\" data-id=\"138\">Tankar i natten<\/a><br><a href=\"https:\/\/www.simonahlstrom.se\/index.php\/till-dej\/\" data-type=\"page\" data-id=\"132\">Till dej<\/a><\/p>\n\n\n\n<p>Vi \u00e4r Malm\u00f6<br><a href=\"https:\/\/www.simonahlstrom.se\/index.php\/vanskap\/\" data-type=\"page\" data-id=\"124\">V\u00e4nskap<\/a><\/p>\n\n\n\n<p><a href=\"https:\/\/www.simonahlstrom.se\/index.php\/ostra-karaby\/\" data-type=\"page\" data-id=\"126\">\u00d6stra Karaby<\/a><\/p>\n","protected":false},"excerpt":{"rendered":"<p>H\u00e4r finner du mina texter. Agera Act NowAmandla Awethu Bakom rid\u00e5n Cirkus v\u00e4rldenCorona Du, min v\u00e4n Felicia H\u00f6r mej I mitt dr\u00f6mmarnas land Kom hit\u00e5t go&#8217; v\u00e4nner L\u00e5t mig f\u00e5 ta din hand Midsommar Pendeln Skattevisan Tankar i nattenTill dej Vi \u00e4r Malm\u00f6V\u00e4nskap \u00d6stra Karaby<\/p>\n","protected":false},"author":1,"featured_media":0,"parent":0,"menu_order":0,"comment_status":"closed","ping_status":"closed","template":"","meta":{"footnotes":""},"class_list":["post-55","page","type-page","status-publish","hentry"],"jetpack_sharing_enabled":true,"_links":{"self":[{"href":"https:\/\/www.simonahlstrom.se\/index.php\/wp-json\/wp\/v2\/pages\/55","targetHints":{"allow":["GET"]}}],"collection":[{"href":"https:\/\/www.simonahlstrom.se\/index.php\/wp-json\/wp\/v2\/pages"}],"about":[{"href":"https:\/\/www.simonahlstrom.se\/index.php\/wp-json\/wp\/v2\/types\/page"}],"author":[{"embeddable":true,"href":"https:\/\/www.simonahlstrom.se\/index.php\/wp-json\/wp\/v2\/users\/1"}],"replies":[{"embeddable":true,"href":"https:\/\/www.simonahlstrom.se\/index.php\/wp-json\/wp\/v2\/comments?post=55"}],"version-history":[{"count":13,"href":"https:\/\/www.simonahlstrom.se\/index.php\/wp-json\/wp\/v2\/pages\/55\/revisions"}],"predecessor-version":[{"id":801,"href":"https:\/\/www.simonahlstrom.se\/index.php\/wp-json\/wp\/v2\/pages\/55\/revisions\/801"}],"wp:attachment":[{"href":"https:\/\/www.simonahlstrom.se\/index.php\/wp-json\/wp\/v2\/media?parent=55"}],"curies":[{"name":"wp","href":"https:\/\/api.w.org\/{rel}","templated":true}]}}