{"id":442,"date":"2024-03-01T16:11:37","date_gmt":"2024-03-01T15:11:37","guid":{"rendered":"https:\/\/www.simonahlstrom.se\/?page_id=442"},"modified":"2024-03-05T15:04:39","modified_gmt":"2024-03-05T14:04:39","slug":"agera-act-now-ny-singel-av-simon-ahlstrom","status":"publish","type":"page","link":"https:\/\/www.simonahlstrom.se\/index.php\/agera-act-now-ny-singel-av-simon-ahlstrom\/","title":{"rendered":"Agera \/ Act Now &#8211; ny singel av Simon Ahlstr\u00f6m"},"content":{"rendered":"<p><head><script async src=\"https:\/\/pagead2.googlesyndication.com\/pagead\/js\/adsbygoogle.js?client=ca-pub-6183978365889088\"\n     crossorigin=\"anonymous\"><\/script><\/head><\/p>\n<p><strong>Den 7 juli 2022 sl\u00e4ppte trubaduren och musikern Simon Ahlstr\u00f6m en ny singel om bland annat klimatet.\u00a0<\/strong><\/p>\n<style>\/*! elementor - v3.19.0 - 28-02-2024 *\/\n.elementor-widget-image{text-align:center}.elementor-widget-image a{display:inline-block}.elementor-widget-image a img[src$=\".svg\"]{width:48px}.elementor-widget-image img{vertical-align:middle;display:inline-block}<\/style>\n<p>\t\t\t\t\t\t\t\t\t\t<img data-recalc-dims=\"1\" loading=\"lazy\" decoding=\"async\" width=\"300\" height=\"283\" src=\"https:\/\/i0.wp.com\/www.simonahlstrom.se\/wp-content\/uploads\/2024\/02\/IMG_3948-2.jpeg?resize=300%2C283&#038;ssl=1\" alt=\"\" srcset=\"https:\/\/www.simonahlstrom.se\/wp-content\/uploads\/2024\/02\/IMG_3948-2-300x283.jpeg 300w, https:\/\/www.simonahlstrom.se\/wp-content\/uploads\/2024\/02\/IMG_3948-2-1024x964.jpeg 1024w, https:\/\/www.simonahlstrom.se\/wp-content\/uploads\/2024\/02\/IMG_3948-2-768x723.jpeg 768w, https:\/\/www.simonahlstrom.se\/wp-content\/uploads\/2024\/02\/IMG_3948-2-600x565.jpeg 600w, https:\/\/www.simonahlstrom.se\/wp-content\/uploads\/2024\/02\/IMG_3948-2.jpeg 1440w\" sizes=\"auto, (max-width: 300px) 100vw, 300px\" \/><br \/>\n\t\t\t\t\t\t\t\t\t\t\t\t\t<img data-recalc-dims=\"1\" loading=\"lazy\" decoding=\"async\" width=\"768\" height=\"507\" src=\"https:\/\/i0.wp.com\/www.simonahlstrom.se\/wp-content\/uploads\/2024\/03\/Simon-s.png?resize=768%2C507&#038;ssl=1\" alt=\"\" srcset=\"https:\/\/www.simonahlstrom.se\/wp-content\/uploads\/2024\/03\/Simon-s-768x507.png 768w, https:\/\/www.simonahlstrom.se\/wp-content\/uploads\/2024\/03\/Simon-s-300x198.png 300w, https:\/\/www.simonahlstrom.se\/wp-content\/uploads\/2024\/03\/Simon-s-1024x676.png 1024w, https:\/\/www.simonahlstrom.se\/wp-content\/uploads\/2024\/03\/Simon-s-600x396.png 600w, https:\/\/www.simonahlstrom.se\/wp-content\/uploads\/2024\/03\/Simon-s.png 1279w\" sizes=\"auto, (max-width: 768px) 100vw, 768px\" \/>\t\t\t\t\t\t\t\t\t\t\t\t\t<\/p>\n<p dir=\"ltr\" style=\"line-height: 1.38; margin-top: 10pt; margin-bottom: 0pt;\">L\u00e5ten, som finns tillg\u00e4nglig b\u00e5de p\u00e5 svenska och engelska, handlar om klimatet och om de som k\u00e4mpar f\u00f6r att f\u00e5 makthavare att snabba p\u00e5 processen i kampen mot klimatkrisen.\u00a0<\/p>\n<p dir=\"ltr\" style=\"line-height: 1.38; margin-top: 10pt; margin-bottom: 0pt;\">&#8211; Jag skrev l\u00e5ten efter att jag f\u00e5tt h\u00f6ra talas om Greta Thunberg p\u00e5 nyheterna, hennes kamp f\u00f6r vad hon brinner f\u00f6r och vad som kommit ut av hennes g\u00e4rning fascinerar mig &#8211; minst sagt, och att det nu finns en global r\u00f6relse som outtr\u00f6ttligt k\u00e4mpar f\u00f6r att f\u00e5 makthavare att \u00e4ndra riktning i klimatpolitiken s\u00e5 vi kan \u00f6verl\u00e4mna en planet till kommande generationer i n\u00e5got s\u00e5 n\u00e4r skick, s\u00e4ger Simon.\u00a0<\/p>\n<p dir=\"ltr\" style=\"line-height: 1.38; margin-top: 10pt; margin-bottom: 0pt;\">S\u00e5ngen skrevs f\u00f6rst p\u00e5 svenska (2019) och under Coronapandemin \u00f6versatte Simon l\u00e5ten till engelska samt spelade in det i en studio i Malm\u00f6.\u00a0<\/p>\n<p dir=\"ltr\" style=\"line-height: 1.38; margin-top: 10pt; margin-bottom: 0pt;\">&#8211; Klimatkrisen \u00e4r inte n\u00e5got som enbart drabbar Sverige utan hela v\u00e5r planet. D\u00e4rf\u00f6r \u00f6versatte jag l\u00e5ten till engelska.\u00a0<\/p>\n<p dir=\"ltr\" style=\"line-height: 1.38; margin-top: 10pt; margin-bottom: 0pt;\">Sedan singeln sl\u00e4pptes har den spelats via digitala musikplattformar i bland annat Sverige, Italien, USA och Storbritannien.\u00a0<\/p>\n","protected":false},"excerpt":{"rendered":"<p>Den 7 juli 2022 sl\u00e4ppte trubaduren och musikern Simon Ahlstr\u00f6m en ny singel om bland annat klimatet.\u00a0 L\u00e5ten, som finns tillg\u00e4nglig b\u00e5de p\u00e5 svenska och engelska, handlar om klimatet och om de som k\u00e4mpar f\u00f6r att f\u00e5 makthavare att snabba p\u00e5 processen i kampen mot klimatkrisen.\u00a0 &#8211; Jag skrev l\u00e5ten efter att jag f\u00e5tt h\u00f6ra [&hellip;]<\/p>\n","protected":false},"author":1,"featured_media":0,"parent":0,"menu_order":0,"comment_status":"closed","ping_status":"closed","template":"","meta":{"footnotes":""},"class_list":["post-442","page","type-page","status-publish","hentry"],"jetpack_sharing_enabled":true,"_links":{"self":[{"href":"https:\/\/www.simonahlstrom.se\/index.php\/wp-json\/wp\/v2\/pages\/442","targetHints":{"allow":["GET"]}}],"collection":[{"href":"https:\/\/www.simonahlstrom.se\/index.php\/wp-json\/wp\/v2\/pages"}],"about":[{"href":"https:\/\/www.simonahlstrom.se\/index.php\/wp-json\/wp\/v2\/types\/page"}],"author":[{"embeddable":true,"href":"https:\/\/www.simonahlstrom.se\/index.php\/wp-json\/wp\/v2\/users\/1"}],"replies":[{"embeddable":true,"href":"https:\/\/www.simonahlstrom.se\/index.php\/wp-json\/wp\/v2\/comments?post=442"}],"version-history":[{"count":5,"href":"https:\/\/www.simonahlstrom.se\/index.php\/wp-json\/wp\/v2\/pages\/442\/revisions"}],"predecessor-version":[{"id":512,"href":"https:\/\/www.simonahlstrom.se\/index.php\/wp-json\/wp\/v2\/pages\/442\/revisions\/512"}],"wp:attachment":[{"href":"https:\/\/www.simonahlstrom.se\/index.php\/wp-json\/wp\/v2\/media?parent=442"}],"curies":[{"name":"wp","href":"https:\/\/api.w.org\/{rel}","templated":true}]}}