{"id":44,"date":"2024-01-17T16:33:54","date_gmt":"2024-01-17T15:33:54","guid":{"rendered":"https:\/\/www.simonahlstrom.se\/?page_id=44"},"modified":"2026-03-15T23:38:49","modified_gmt":"2026-03-15T22:38:49","slug":"detta-tycker-publiken","status":"publish","type":"page","link":"https:\/\/www.simonahlstrom.se\/index.php\/detta-tycker-publiken\/","title":{"rendered":"Detta tycker publiken"},"content":{"rendered":"\n<p><strong>H\u00e4r kan du l\u00e4sa n\u00e5gra r\u00f6ster fr\u00e5n m\u00e4nniskor och arrang\u00f6rer som upplevt Simon Ahlstr\u00f6m live. Omd\u00f6mena speglar spelningar i olika sammanhang \u2013 fr\u00e5n viskv\u00e4llar och restauranger till f\u00f6reningar och andra arrangemang.<\/strong><\/p>\n\n\n\n<h4 class=\"wp-block-heading has-text-align-center\"><strong>&#8221;Det finns trubadurer som leker att de \u00e4r andra &#8211; och s\u00e5 finns det de \u00e4kta. Du tillh\u00f6r de \u00e4kta!&#8221;<\/strong><br>&#8211; R.E<\/h4>\n\n\n\n<h4 class=\"wp-block-heading has-text-align-center\"><strong>&#8221;Vilken h\u00e4rlig s\u00e5ngkv\u00e4ll du gjorde Simon!&#8221;<\/strong><br>&#8211; M.M<\/h4>\n\n\n\n<h4 class=\"wp-block-heading has-text-align-center\"><strong>&#8221;Tack f\u00f6r en trevlig stund p\u00e5 Grand i Ljungby med dig och din gitarr &lt;3&#8221;<\/strong><br>&#8211; B.S<\/h4>\n\n\n\n<h4 class=\"wp-block-heading has-text-align-center\"><strong>&#8221;Hej Simon. Tusinde tak for en dejlig og god musik i Cafe Thorvald, N\u00e6stved. H\u00e5ber du kommer igen inden s\u00e5 l\u00e6nge. Hilsen&#8221;<\/strong><br>&#8211; R.J<\/h4>\n\n\n\n<h4 class=\"wp-block-heading has-text-align-center\"><strong>&#8221;Tack Simon f\u00f6r en h\u00e4rlig underh\u00e5llning ikv\u00e4ll, du var v\u00e4ldigt uppskattad!&#8221;<\/strong><br>&#8211; G.B<\/h4>\n\n\n\n<h4 class=\"wp-block-heading has-text-align-center\"><strong>&#8221;Tack f\u00f6r underbara l\u00e5tar ikv\u00e4ll!&#8221;<\/strong><br>&#8211; B.C<\/h4>\n\n\n\n<h4 class=\"wp-block-heading has-text-align-center\"><strong>&#8221;Du var s\u00e5 j\u00e4kla bra&#8230; och dessutom ett bra och trevligt bords\u00e4llskap!&#8221;<\/strong><br>&#8211; A.L<\/h4>\n\n\n\n<figure class=\"wp-block-image aligncenter size-medium\"><img data-recalc-dims=\"1\" loading=\"lazy\" decoding=\"async\" width=\"200\" height=\"300\" src=\"https:\/\/i0.wp.com\/www.simonahlstrom.se\/wp-content\/uploads\/2024\/02\/IMG_0173.jpeg?resize=200%2C300&#038;ssl=1\" alt=\"\" class=\"wp-image-283\" srcset=\"https:\/\/i0.wp.com\/www.simonahlstrom.se\/wp-content\/uploads\/2024\/02\/IMG_0173-scaled.jpeg?resize=200%2C300&amp;ssl=1 200w, https:\/\/i0.wp.com\/www.simonahlstrom.se\/wp-content\/uploads\/2024\/02\/IMG_0173-scaled.jpeg?resize=600%2C900&amp;ssl=1 600w, https:\/\/i0.wp.com\/www.simonahlstrom.se\/wp-content\/uploads\/2024\/02\/IMG_0173-scaled.jpeg?resize=683%2C1024&amp;ssl=1 683w, https:\/\/i0.wp.com\/www.simonahlstrom.se\/wp-content\/uploads\/2024\/02\/IMG_0173-scaled.jpeg?resize=768%2C1152&amp;ssl=1 768w, https:\/\/i0.wp.com\/www.simonahlstrom.se\/wp-content\/uploads\/2024\/02\/IMG_0173-scaled.jpeg?resize=1024%2C1536&amp;ssl=1 1024w, https:\/\/i0.wp.com\/www.simonahlstrom.se\/wp-content\/uploads\/2024\/02\/IMG_0173-scaled.jpeg?resize=1365%2C2048&amp;ssl=1 1365w, https:\/\/i0.wp.com\/www.simonahlstrom.se\/wp-content\/uploads\/2024\/02\/IMG_0173-scaled.jpeg?w=1707&amp;ssl=1 1707w\" sizes=\"auto, (max-width: 200px) 100vw, 200px\" \/><figcaption class=\"wp-element-caption\"><strong>Foto:<\/strong> Mike Kamat<\/figcaption><\/figure>\n\n\n\n<hr class=\"wp-block-separator has-alpha-channel-opacity\"\/>\n\n\n\n<div class=\"wp-block-group is-vertical is-content-justification-center is-layout-flex wp-container-core-group-is-layout-838cd1cc wp-block-group-is-layout-flex\" style=\"padding-top:var(--wp--preset--spacing--40);padding-bottom:var(--wp--preset--spacing--50)\"><div class=\"is-default-size wp-block-site-logo\"><a href=\"https:\/\/www.simonahlstrom.se\/\" class=\"custom-logo-link\" rel=\"home\"><img loading=\"lazy\" decoding=\"async\" width=\"1361\" height=\"1355\" src=\"https:\/\/i0.wp.com\/www.simonahlstrom.se\/wp-content\/uploads\/2024\/12\/IMG_0503.jpeg?fit=1361%2C1355&amp;ssl=1\" class=\"custom-logo\" alt=\"Simon Ahlstr\u00f6m\" srcset=\"https:\/\/i0.wp.com\/www.simonahlstrom.se\/wp-content\/uploads\/2024\/12\/IMG_0503.jpeg?w=1361&amp;ssl=1 1361w, https:\/\/i0.wp.com\/www.simonahlstrom.se\/wp-content\/uploads\/2024\/12\/IMG_0503.jpeg?resize=300%2C300&amp;ssl=1 300w, https:\/\/i0.wp.com\/www.simonahlstrom.se\/wp-content\/uploads\/2024\/12\/IMG_0503.jpeg?resize=1024%2C1019&amp;ssl=1 1024w, https:\/\/i0.wp.com\/www.simonahlstrom.se\/wp-content\/uploads\/2024\/12\/IMG_0503.jpeg?resize=150%2C150&amp;ssl=1 150w, https:\/\/i0.wp.com\/www.simonahlstrom.se\/wp-content\/uploads\/2024\/12\/IMG_0503.jpeg?resize=768%2C765&amp;ssl=1 768w, https:\/\/i0.wp.com\/www.simonahlstrom.se\/wp-content\/uploads\/2024\/12\/IMG_0503.jpeg?resize=1320%2C1314&amp;ssl=1 1320w, https:\/\/i0.wp.com\/www.simonahlstrom.se\/wp-content\/uploads\/2024\/12\/IMG_0503.jpeg?resize=600%2C597&amp;ssl=1 600w, https:\/\/i0.wp.com\/www.simonahlstrom.se\/wp-content\/uploads\/2024\/12\/IMG_0503.jpeg?resize=100%2C100&amp;ssl=1 100w\" sizes=\"auto, (max-width: 1000px) 100vw, 1000px\" \/><\/a><\/div>\n\n<nav class=\"has-small-font-size items-justified-center wp-block-navigation is-content-justification-center is-layout-flex wp-container-core-navigation-is-layout-a89b3969 wp-block-navigation-is-layout-flex\" aria-label=\"Prim\u00e4r meny\"><ul class=\"wp-block-navigation__container has-small-font-size items-justified-center wp-block-navigation has-small-font-size\"><li class=\"has-small-font-size wp-block-navigation-item wp-block-navigation-link\"><a class=\"wp-block-navigation-item__content\"  href=\"https:\/\/www.simonahlstrom.se\/\"><span class=\"wp-block-navigation-item__label\">Startsida<\/span><\/a><\/li><li class=\"has-small-font-size wp-block-navigation-item wp-block-navigation-link\"><a class=\"wp-block-navigation-item__content\"  href=\"https:\/\/www.simonahlstrom.se\/index.php\/boka\/\"><span class=\"wp-block-navigation-item__label\">Boka<\/span><\/a><\/li><li class=\"has-small-font-size wp-block-navigation-item wp-block-navigation-link\"><a class=\"wp-block-navigation-item__content\"  href=\"https:\/\/www.simonahlstrom.se\/index.php\/detta-tycker-publiken\/\"><span class=\"wp-block-navigation-item__label\">Detta tycker publiken<\/span><\/a><\/li><li class=\"has-small-font-size wp-block-navigation-item wp-block-navigation-link\"><a class=\"wp-block-navigation-item__content\"  href=\"https:\/\/www.simonahlstrom.se\/index.php\/om-simon-ahlstrom\/\"><span class=\"wp-block-navigation-item__label\">Om Simon Ahlstr\u00f6m<\/span><\/a><\/li><li class=\"has-small-font-size wp-block-navigation-item wp-block-navigation-link\"><a class=\"wp-block-navigation-item__content\"  href=\"https:\/\/www.simonahlstrom.se\/index.php\/kontakt\/\"><span class=\"wp-block-navigation-item__label\">Kontakt<\/span><\/a><\/li><li class=\"has-small-font-size wp-block-navigation-item wp-block-navigation-link\"><a class=\"wp-block-navigation-item__content\"  href=\"https:\/\/www.simonahlstrom.se\/index.php\/butik\/\"><span class=\"wp-block-navigation-item__label\"><strong>Till butiken<\/strong><\/span><\/a><\/li><\/ul><\/nav><\/div>\n\n\n\n<p class=\"has-text-align-center\"><sub><strong>\u00a9<\/strong> SHA Produktion 2024-<\/sub><\/p>\n","protected":false},"excerpt":{"rendered":"<p>H\u00e4r kan du l\u00e4sa n\u00e5gra r\u00f6ster fr\u00e5n m\u00e4nniskor och arrang\u00f6rer som upplevt Simon Ahlstr\u00f6m live. Omd\u00f6mena speglar spelningar i olika sammanhang \u2013 fr\u00e5n viskv\u00e4llar och restauranger till f\u00f6reningar och andra arrangemang. &#8221;Det finns trubadurer som leker att de \u00e4r andra &#8211; och s\u00e5 finns det de \u00e4kta. Du tillh\u00f6r de \u00e4kta!&#8221;&#8211; R.E &#8221;Vilken h\u00e4rlig s\u00e5ngkv\u00e4ll [&hellip;]<\/p>\n","protected":false},"author":1,"featured_media":0,"parent":0,"menu_order":0,"comment_status":"closed","ping_status":"closed","template":"","meta":{"footnotes":""},"class_list":["post-44","page","type-page","status-publish","hentry"],"jetpack_sharing_enabled":true,"_links":{"self":[{"href":"https:\/\/www.simonahlstrom.se\/index.php\/wp-json\/wp\/v2\/pages\/44","targetHints":{"allow":["GET"]}}],"collection":[{"href":"https:\/\/www.simonahlstrom.se\/index.php\/wp-json\/wp\/v2\/pages"}],"about":[{"href":"https:\/\/www.simonahlstrom.se\/index.php\/wp-json\/wp\/v2\/types\/page"}],"author":[{"embeddable":true,"href":"https:\/\/www.simonahlstrom.se\/index.php\/wp-json\/wp\/v2\/users\/1"}],"replies":[{"embeddable":true,"href":"https:\/\/www.simonahlstrom.se\/index.php\/wp-json\/wp\/v2\/comments?post=44"}],"version-history":[{"count":9,"href":"https:\/\/www.simonahlstrom.se\/index.php\/wp-json\/wp\/v2\/pages\/44\/revisions"}],"predecessor-version":[{"id":913,"href":"https:\/\/www.simonahlstrom.se\/index.php\/wp-json\/wp\/v2\/pages\/44\/revisions\/913"}],"wp:attachment":[{"href":"https:\/\/www.simonahlstrom.se\/index.php\/wp-json\/wp\/v2\/media?parent=44"}],"curies":[{"name":"wp","href":"https:\/\/api.w.org\/{rel}","templated":true}]}}