{"id":429,"date":"2024-03-01T15:58:50","date_gmt":"2024-03-01T14:58:50","guid":{"rendered":"https:\/\/www.simonahlstrom.se\/?page_id=429"},"modified":"2024-05-21T06:41:18","modified_gmt":"2024-05-21T04:41:18","slug":"pressmeddelanden","status":"publish","type":"page","link":"https:\/\/www.simonahlstrom.se\/index.php\/pressmeddelanden\/","title":{"rendered":"Pressmeddelanden"},"content":{"rendered":"<p>2024-05-20; <a href=\"https:\/\/www.simonahlstrom.se\/index.php\/latrelease-om-en-parla-i-mellanskane\/\">L\u00e5trelease om en lokal p\u00e4rla i Mellansk\u00e5ne<\/a><br \/>\n2022-07-07; <a href=\"https:\/\/www.simonahlstrom.se\/index.php\/agera-act-now-ny-singel-av-simon-ahlstrom\/\">&#8221;Agera\/Act Now &#8211; ny singel av Simon Ahlstr\u00f6m&#8221;<\/a><br \/>\n2022-07-19; <a href=\"https:\/\/www.simonahlstrom.se\/index.php\/agera-act-now-new-single-by-simon-ahlstrom\/\">&#8221;Agera\/Act Now &#8211; new single by Simon Ahlstr\u00f6m&#8221;<\/a><\/p>\n","protected":false},"excerpt":{"rendered":"<p>2024-05-20; L\u00e5trelease om en lokal p\u00e4rla i Mellansk\u00e5ne 2022-07-07; &#8221;Agera\/Act Now &#8211; ny singel av Simon Ahlstr\u00f6m&#8221; 2022-07-19; &#8221;Agera\/Act Now &#8211; new single by Simon Ahlstr\u00f6m&#8221;<\/p>\n","protected":false},"author":1,"featured_media":0,"parent":0,"menu_order":0,"comment_status":"closed","ping_status":"closed","template":"","meta":{"footnotes":""},"class_list":["post-429","page","type-page","status-publish","hentry"],"jetpack_sharing_enabled":true,"_links":{"self":[{"href":"https:\/\/www.simonahlstrom.se\/index.php\/wp-json\/wp\/v2\/pages\/429","targetHints":{"allow":["GET"]}}],"collection":[{"href":"https:\/\/www.simonahlstrom.se\/index.php\/wp-json\/wp\/v2\/pages"}],"about":[{"href":"https:\/\/www.simonahlstrom.se\/index.php\/wp-json\/wp\/v2\/types\/page"}],"author":[{"embeddable":true,"href":"https:\/\/www.simonahlstrom.se\/index.php\/wp-json\/wp\/v2\/users\/1"}],"replies":[{"embeddable":true,"href":"https:\/\/www.simonahlstrom.se\/index.php\/wp-json\/wp\/v2\/comments?post=429"}],"version-history":[{"count":10,"href":"https:\/\/www.simonahlstrom.se\/index.php\/wp-json\/wp\/v2\/pages\/429\/revisions"}],"predecessor-version":[{"id":679,"href":"https:\/\/www.simonahlstrom.se\/index.php\/wp-json\/wp\/v2\/pages\/429\/revisions\/679"}],"wp:attachment":[{"href":"https:\/\/www.simonahlstrom.se\/index.php\/wp-json\/wp\/v2\/media?parent=429"}],"curies":[{"name":"wp","href":"https:\/\/api.w.org\/{rel}","templated":true}]}}