{"id":407,"date":"2024-03-01T15:34:07","date_gmt":"2024-03-01T14:34:07","guid":{"rendered":"https:\/\/www.simonahlstrom.se\/?page_id=407"},"modified":"2024-03-01T15:34:08","modified_gmt":"2024-03-01T14:34:08","slug":"agera","status":"publish","type":"page","link":"https:\/\/www.simonahlstrom.se\/index.php\/agera\/","title":{"rendered":"Agera"},"content":{"rendered":"\n<hr class=\"wp-block-separator has-alpha-channel-opacity\"\/>\n\n\n\n<p><strong>Text &amp; musik:<\/strong> Simon Ahlstr\u00f6m<\/p>\n\n\n\n<hr class=\"wp-block-separator has-alpha-channel-opacity\"\/>\n\n\n\n<p><strong>Vers 1:<\/strong><br>I v\u00e4rlden, sker protester,<br>mot hur vi lever h\u00e4r och nu,<br>med ett budskap, som lyder &#8211; <br>&#8221;Agera &#8211; det finns lite tid \u00e4nnu!&#8221;<\/p>\n\n\n\n<p><strong>Vers 2:<\/strong><br>Allt b\u00f6rja, med tjejen<br>som sittstrejka&#8217; vid Riksdagshuset,<br>med en h\u00e4lsning, till politiken &#8211; <br>&#8221;Agera &#8211; klimatet b\u00f6r va&#8217; prio ett!&#8221;<\/p>\n\n\n\n<p><strong>Vers 3:<\/strong><br>Hennes g\u00e4rning, den spred sig,<br>runtom p\u00e5 v\u00e5r runda jord<br>dom unga opponera&#8217; sig &#8211; <br>&#8221;Agera &#8211; lyssna p\u00e5 v\u00e5rt allvarsord!&#8221; <\/p>\n\n\n\n<p><strong>Vers 4:<\/strong><br>Men samtidigt, i dammen,<br>kvackar ankan intensivt,<br>men vinner, det g\u00f6r tr\u00e4gen,<br>s\u00e5 agera, bredda ditt perspektiv! <\/p>\n\n\n\n<p><strong>Vers 5:<\/strong><br>I v\u00e4rlden, p\u00e5g\u00e5r protester,<br>framf\u00f6r maktens parlament,<br>med ett budskap, som lyder &#8211; <br>&#8221;Agera &#8211; det \u00e4r \u00e4nnu inte f\u00f6rsent!&#8221;<br>&#8221;S\u00e5 agera &#8211; det \u00e4r \u00e4nnu inte f\u00f6rsent!&#8221;<\/p>\n\n\n\n<hr class=\"wp-block-separator has-alpha-channel-opacity\"\/>\n","protected":false},"excerpt":{"rendered":"<p>Text &amp; musik: Simon Ahlstr\u00f6m Vers 1:I v\u00e4rlden, sker protester,mot hur vi lever h\u00e4r och nu,med ett budskap, som lyder &#8211; &#8221;Agera &#8211; det finns lite tid \u00e4nnu!&#8221; Vers 2:Allt b\u00f6rja, med tjejensom sittstrejka&#8217; vid Riksdagshuset,med en h\u00e4lsning, till politiken &#8211; &#8221;Agera &#8211; klimatet b\u00f6r va&#8217; prio ett!&#8221; Vers 3:Hennes g\u00e4rning, den spred sig,runtom p\u00e5 [&hellip;]<\/p>\n","protected":false},"author":1,"featured_media":0,"parent":0,"menu_order":0,"comment_status":"closed","ping_status":"closed","template":"","meta":{"footnotes":""},"class_list":["post-407","page","type-page","status-publish","hentry"],"jetpack_sharing_enabled":true,"_links":{"self":[{"href":"https:\/\/www.simonahlstrom.se\/index.php\/wp-json\/wp\/v2\/pages\/407","targetHints":{"allow":["GET"]}}],"collection":[{"href":"https:\/\/www.simonahlstrom.se\/index.php\/wp-json\/wp\/v2\/pages"}],"about":[{"href":"https:\/\/www.simonahlstrom.se\/index.php\/wp-json\/wp\/v2\/types\/page"}],"author":[{"embeddable":true,"href":"https:\/\/www.simonahlstrom.se\/index.php\/wp-json\/wp\/v2\/users\/1"}],"replies":[{"embeddable":true,"href":"https:\/\/www.simonahlstrom.se\/index.php\/wp-json\/wp\/v2\/comments?post=407"}],"version-history":[{"count":1,"href":"https:\/\/www.simonahlstrom.se\/index.php\/wp-json\/wp\/v2\/pages\/407\/revisions"}],"predecessor-version":[{"id":409,"href":"https:\/\/www.simonahlstrom.se\/index.php\/wp-json\/wp\/v2\/pages\/407\/revisions\/409"}],"wp:attachment":[{"href":"https:\/\/www.simonahlstrom.se\/index.php\/wp-json\/wp\/v2\/media?parent=407"}],"curies":[{"name":"wp","href":"https:\/\/api.w.org\/{rel}","templated":true}]}}