{"id":153,"date":"2024-01-19T15:37:40","date_gmt":"2024-01-19T14:37:40","guid":{"rendered":"https:\/\/www.simonahlstrom.se\/?page_id=153"},"modified":"2024-03-01T15:54:13","modified_gmt":"2024-03-01T14:54:13","slug":"hor-mej","status":"publish","type":"page","link":"https:\/\/www.simonahlstrom.se\/index.php\/hor-mej\/","title":{"rendered":"H\u00f6r mej"},"content":{"rendered":"\n<hr class=\"wp-block-separator has-alpha-channel-opacity\"\/>\n\n\n\n<p class=\"has-text-align-left\"><strong>Text &amp; musik:<\/strong> Simon Ahlstr\u00f6m<\/p>\n\n\n\n<hr class=\"wp-block-separator has-alpha-channel-opacity\"\/>\n\n\n\n<p><strong>Vers 1:<\/strong><br>Pressen &#8211; p\u00e5 att j\u00e4mt prestera.<br>Pressen &#8211; p\u00e5 att j\u00e4mt briljera.<br>Pressen &#8211; b\u00f6rjar att fundera.<br>Ja, pressen &#8211; ge j\u00e4rnet eller krevera.<\/p>\n\n\n\n<p><strong>Vers 2:<\/strong><br>Stressen &#8211; har skapat s\u00f6mnl\u00f6shet.<br>Stressen &#8211; en inre s\u00e5rbarhet.<br>Stressen &#8211; har skapat st\u00e4ndig tr\u00f6tthet.<br>Ja, stressen &#8211; en tryckande bitterhet.<\/p>\n\n\n\n<p><strong>Refr\u00e4ng:<\/strong><br>Jag ropar, det \u00e4r ingen som h\u00f6r.<br>Jag ropar, jag f\u00e5r inte n\u00e5t geh\u00f6r.<br>Jag ropar, r\u00e4dslan v\u00e4xer innanf\u00f6r.<br>Jag ropar &#8211; Varf\u00f6r?<\/p>\n\n\n\n<p><strong>Vers 3:<\/strong><br>Oro &#8211; \u00f6ver samtiden.<br>Oro &#8211; \u00f6ver framtiden.<br>Ja, oro &#8211; hela j\u00e4vla tiden.<br>Ja, oro &#8211; n\u00e4r kommer ljuva friden?<\/p>\n\n\n\n<p><strong>Refr\u00e4ng:<\/strong><br>Jag ropar, det \u00e4r ingen som h\u00f6r.<br>Jag ropar, jag f\u00e5r inte n\u00e5t geh\u00f6r.<br>Jag ropar, r\u00e4dslan v\u00e4xer innanf\u00f6r.<br>Jag ropar &#8211; Varf\u00f6r?<\/p>\n\n\n\n<p><strong>Vers 4:<\/strong><br>H\u00f6r mej &#8211; jag ropar efter st\u00f6d.<br>H\u00f6r mej &#8211; jag har hamnat i n\u00f6d.<br>S\u00e5 h\u00f6r mej &#8211; sj\u00e4len den \u00e4r spr\u00f6d.<br>Sn\u00e4lla h\u00f6r mej &#8211; jag beh\u00f6ver ditt st\u00f6d.<br>S\u00e5 sn\u00e4lla h\u00f6r mej &#8211; jag har f\u00f6rlorat lyckans gl\u00f6d.<\/p>\n\n\n\n<hr class=\"wp-block-separator has-alpha-channel-opacity\"\/>\n","protected":false},"excerpt":{"rendered":"<p>Text &amp; musik: Simon Ahlstr\u00f6m Vers 1:Pressen &#8211; p\u00e5 att j\u00e4mt prestera.Pressen &#8211; p\u00e5 att j\u00e4mt briljera.Pressen &#8211; b\u00f6rjar att fundera.Ja, pressen &#8211; ge j\u00e4rnet eller krevera. Vers 2:Stressen &#8211; har skapat s\u00f6mnl\u00f6shet.Stressen &#8211; en inre s\u00e5rbarhet.Stressen &#8211; har skapat st\u00e4ndig tr\u00f6tthet.Ja, stressen &#8211; en tryckande bitterhet. Refr\u00e4ng:Jag ropar, det \u00e4r ingen som h\u00f6r.Jag ropar, [&hellip;]<\/p>\n","protected":false},"author":1,"featured_media":0,"parent":0,"menu_order":0,"comment_status":"closed","ping_status":"closed","template":"","meta":{"footnotes":""},"class_list":["post-153","page","type-page","status-publish","hentry"],"jetpack_sharing_enabled":true,"_links":{"self":[{"href":"https:\/\/www.simonahlstrom.se\/index.php\/wp-json\/wp\/v2\/pages\/153","targetHints":{"allow":["GET"]}}],"collection":[{"href":"https:\/\/www.simonahlstrom.se\/index.php\/wp-json\/wp\/v2\/pages"}],"about":[{"href":"https:\/\/www.simonahlstrom.se\/index.php\/wp-json\/wp\/v2\/types\/page"}],"author":[{"embeddable":true,"href":"https:\/\/www.simonahlstrom.se\/index.php\/wp-json\/wp\/v2\/users\/1"}],"replies":[{"embeddable":true,"href":"https:\/\/www.simonahlstrom.se\/index.php\/wp-json\/wp\/v2\/comments?post=153"}],"version-history":[{"count":2,"href":"https:\/\/www.simonahlstrom.se\/index.php\/wp-json\/wp\/v2\/pages\/153\/revisions"}],"predecessor-version":[{"id":419,"href":"https:\/\/www.simonahlstrom.se\/index.php\/wp-json\/wp\/v2\/pages\/153\/revisions\/419"}],"wp:attachment":[{"href":"https:\/\/www.simonahlstrom.se\/index.php\/wp-json\/wp\/v2\/media?parent=153"}],"curies":[{"name":"wp","href":"https:\/\/api.w.org\/{rel}","templated":true}]}}