{"id":151,"date":"2024-01-19T15:25:27","date_gmt":"2024-01-19T14:25:27","guid":{"rendered":"https:\/\/www.simonahlstrom.se\/?page_id=151"},"modified":"2024-03-01T15:53:02","modified_gmt":"2024-03-01T14:53:02","slug":"cirkus-varlden","status":"publish","type":"page","link":"https:\/\/www.simonahlstrom.se\/index.php\/cirkus-varlden\/","title":{"rendered":"Cirkus V\u00e4rlden"},"content":{"rendered":"\n<hr class=\"wp-block-separator has-alpha-channel-opacity\"\/>\n\n\n\n<p class=\"has-text-align-left\"><strong>Text &amp; musik:<\/strong> Simon Ahlstr\u00f6m<\/p>\n\n\n\n<hr class=\"wp-block-separator has-alpha-channel-opacity\"\/>\n\n\n\n<p><strong>Vers 1:<\/strong><br>Det finns m\u00e5nga saker som jag g\u00e5r och grunnar p\u00e5,<br>som varf\u00f6r v\u00e4rlden j\u00e4mt och st\u00e4ndigt \u00e4r s\u00e5 dyster och gr\u00e5,<br>som varf\u00f6r mygel, hot och fusk \u00e4r nya m\u00e5ttstocken<br>man blir ju riktigt h\u00e4pen!<\/p>\n\n\n\n<p><strong>Vers 2:<\/strong><br>Som n\u00e4r n\u00e5gra m\u00e4nniskor blir hysteriska,<br>upprepade, rasande och ursinniga,<br>n\u00e4r en hoppas p\u00e5 lite mera j\u00e4mlikhet,<br>mellan folket och kapitalet. <\/p>\n\n\n\n<p><strong>Vers 3:<\/strong><br>Som n\u00e4r Sverige s\u00e4ljer vapen till en diktatur,<br>samtidigt gapar statsm\u00e4nnen om fred h\u00e4r och nu,<br>ja, det \u00e4r verkligen ett egendomligt hyckleri,<br>som att sl\u00e4cka en brasa med bensin!<\/p>\n\n\n\n<p><strong>Vers 4:<\/strong><br>Eller n\u00e4r n\u00e4ringslivet ger sig in i v\u00e4lf\u00e4rden,<br>k\u00f6per skolor, buss och t\u00e5g, sjukhus, servicehem,<br>f\u00f6r en ynka slant som blir till en stor profit,<br>som inte gynnar dig ett skit!<\/p>\n\n\n\n<p><strong>Refr\u00e4ng:<\/strong><br>Ja, ibland funderar jag p\u00e5 vart tanken blitt av,<br>p\u00e5 ett samh\u00e4lle d\u00e4r allesammans utg\u00f6r ett nav,<br>d\u00e4r k\u00e4rlek, tro och hopp g\u00e5r fr\u00e5n tanke till lag,<br>hela jorden i ett famntag!<\/p>\n\n\n\n<p><strong>Vers 5:<\/strong><br>Varf\u00f6r nonchaleras fr\u00e5gan om milj\u00f6n p\u00e5 v\u00e5r jord,<br>n\u00e4r klimat h\u00e5ller p\u00e5 att blir ett kollektiv mord,<br>skogar sk\u00f6vlas ner och isar sm\u00e4lter i en hast,<br>klimathotet tar ej kafferast! <\/p>\n\n\n\n<p><strong>Vers 6:<\/strong><br>S\u00e5 det blir v\u00e4l till att forts\u00e4tta att dr\u00f6mma p\u00e5,<br>och vr\u00e5la h\u00f6gt med andra som ocks\u00e5 motst\u00e5r,<br>denna upp- och nerv\u00e4nda v\u00e4rld som vi lever i,<br>med fake-news och allt d\u00e4rtill!<\/p>\n\n\n\n<p><strong>Refr\u00e4ng:<\/strong><br>Ja, ibland funderar jag p\u00e5 vart tanken blitt av,<br>p\u00e5 ett samh\u00e4lle d\u00e4r allesammans utg\u00f6r ett nav,<br>d\u00e4r k\u00e4rlek, tro och hopp g\u00e5r fr\u00e5n tanke till lag,<br>hela jorden i ett famntag!<\/p>\n\n\n\n<hr class=\"wp-block-separator has-alpha-channel-opacity\"\/>\n","protected":false},"excerpt":{"rendered":"<p>Text &amp; musik: Simon Ahlstr\u00f6m Vers 1:Det finns m\u00e5nga saker som jag g\u00e5r och grunnar p\u00e5,som varf\u00f6r v\u00e4rlden j\u00e4mt och st\u00e4ndigt \u00e4r s\u00e5 dyster och gr\u00e5,som varf\u00f6r mygel, hot och fusk \u00e4r nya m\u00e5ttstockenman blir ju riktigt h\u00e4pen! Vers 2:Som n\u00e4r n\u00e5gra m\u00e4nniskor blir hysteriska,upprepade, rasande och ursinniga,n\u00e4r en hoppas p\u00e5 lite mera j\u00e4mlikhet,mellan folket [&hellip;]<\/p>\n","protected":false},"author":1,"featured_media":0,"parent":0,"menu_order":0,"comment_status":"closed","ping_status":"closed","template":"","meta":{"footnotes":""},"class_list":["post-151","page","type-page","status-publish","hentry"],"jetpack_sharing_enabled":true,"_links":{"self":[{"href":"https:\/\/www.simonahlstrom.se\/index.php\/wp-json\/wp\/v2\/pages\/151","targetHints":{"allow":["GET"]}}],"collection":[{"href":"https:\/\/www.simonahlstrom.se\/index.php\/wp-json\/wp\/v2\/pages"}],"about":[{"href":"https:\/\/www.simonahlstrom.se\/index.php\/wp-json\/wp\/v2\/types\/page"}],"author":[{"embeddable":true,"href":"https:\/\/www.simonahlstrom.se\/index.php\/wp-json\/wp\/v2\/users\/1"}],"replies":[{"embeddable":true,"href":"https:\/\/www.simonahlstrom.se\/index.php\/wp-json\/wp\/v2\/comments?post=151"}],"version-history":[{"count":2,"href":"https:\/\/www.simonahlstrom.se\/index.php\/wp-json\/wp\/v2\/pages\/151\/revisions"}],"predecessor-version":[{"id":416,"href":"https:\/\/www.simonahlstrom.se\/index.php\/wp-json\/wp\/v2\/pages\/151\/revisions\/416"}],"wp:attachment":[{"href":"https:\/\/www.simonahlstrom.se\/index.php\/wp-json\/wp\/v2\/media?parent=151"}],"curies":[{"name":"wp","href":"https:\/\/api.w.org\/{rel}","templated":true}]}}