{"id":146,"date":"2024-01-19T15:09:18","date_gmt":"2024-01-19T14:09:18","guid":{"rendered":"https:\/\/www.simonahlstrom.se\/?page_id=146"},"modified":"2024-03-01T15:54:44","modified_gmt":"2024-03-01T14:54:44","slug":"kom-hitat-go-vanner","status":"publish","type":"page","link":"https:\/\/www.simonahlstrom.se\/index.php\/kom-hitat-go-vanner\/","title":{"rendered":"Kom hit\u00e5t go&#8217; v\u00e4nner"},"content":{"rendered":"\n<hr class=\"wp-block-separator has-alpha-channel-opacity\"\/>\n\n\n\n<p><strong>Text &amp; musik:<\/strong> Simon Ahlstr\u00f6m<\/p>\n\n\n\n<hr class=\"wp-block-separator has-alpha-channel-opacity\"\/>\n\n\n\n<p><strong>Refr\u00e4ng:<\/strong><br>Kom hit\u00e5t mina v\u00e4nner,<br>ta med alla ni k\u00e4nner,<br>det \u00e4r n\u00e5t i v\u00e5rt samh\u00e4lle som br\u00e4nner.<br>Jag tycker, st\u00e4ll dom mot v\u00e4ggen,<br>och s\u00e4g emot inl\u00e4ggen,<br>f\u00f6r med sanningens makt s\u00e5 vinner vi den striden.<\/p>\n\n\n\n<p><strong>Vers 1:<\/strong><br>Sverige \u00e4r, som vi alla vet, en demokrati,<br>det betyder att alla tillsammans bildar ett &#8221;vi&#8221;.<br>Oavsett om du \u00e4r f\u00f6dd h\u00e4r eller d\u00e4r,<br>men det finns nu krafter som f\u00f6rs\u00f6ker dela landet i &#8221;vi-och dom&#8221;.<\/p>\n\n\n\n<p><strong>Refr\u00e4ng:<\/strong><br>S\u00e5, kom hit\u00e5t mina v\u00e4nner,<br>ta med alla ni k\u00e4nner,<br>det \u00e4r n\u00e5t i v\u00e5rt samh\u00e4lle som br\u00e4nner.<br>Jag tycker, st\u00e4ll dom mot v\u00e4ggen,<br>och s\u00e4g emot inl\u00e4ggen,<br>f\u00f6r med sanningens makt s\u00e5 vinner vi den striden.<\/p>\n\n\n\n<p><strong>Vers 2:<\/strong><br>Det finns makthavare med stor okunskap,<br>det m\u00e4rks inte minst i deras tvivelaktiga prat.<br>D\u00e4rf\u00f6r m\u00e5ste vi tillsammans bilda opinion,<br>s\u00e5 vi kan mots\u00e4ga alla varianter av desinformation!<\/p>\n\n\n\n<p><strong>Refr\u00e4ng:<\/strong><br>S\u00e5, kom hit\u00e5t mina v\u00e4nner,<br>ta med alla ni k\u00e4nner,<br>det \u00e4r n\u00e5t i v\u00e5rt samh\u00e4lle som br\u00e4nner.<br>Jag tycker, st\u00e4ll dom mot v\u00e4ggen,<br>och s\u00e4g emot inl\u00e4ggen,<br>f\u00f6r med sanningens makt s\u00e5 vinner vi den striden! <\/p>\n\n\n\n<p><strong>Refr\u00e4ng 2:<\/strong><br>Ja, kom hit\u00e5t go&#8217; v\u00e4nner,<br>ta med alla ni k\u00e4nner,<br>det \u00e4r n\u00e5t i v\u00e5rt samh\u00e4lle som br\u00e4nner.<br>Jag tycker, st\u00e4ll dom mot v\u00e4ggen,<br>och s\u00e4g emot inl\u00e4ggen,<br>f\u00f6r med sanningens makt s\u00e5 vinner vi den striden!<\/p>\n\n\n\n<hr class=\"wp-block-separator has-alpha-channel-opacity\"\/>\n","protected":false},"excerpt":{"rendered":"<p>Text &amp; musik: Simon Ahlstr\u00f6m Refr\u00e4ng:Kom hit\u00e5t mina v\u00e4nner,ta med alla ni k\u00e4nner,det \u00e4r n\u00e5t i v\u00e5rt samh\u00e4lle som br\u00e4nner.Jag tycker, st\u00e4ll dom mot v\u00e4ggen,och s\u00e4g emot inl\u00e4ggen,f\u00f6r med sanningens makt s\u00e5 vinner vi den striden. Vers 1:Sverige \u00e4r, som vi alla vet, en demokrati,det betyder att alla tillsammans bildar ett &#8221;vi&#8221;.Oavsett om du \u00e4r [&hellip;]<\/p>\n","protected":false},"author":1,"featured_media":0,"parent":0,"menu_order":0,"comment_status":"closed","ping_status":"closed","template":"","meta":{"footnotes":""},"class_list":["post-146","page","type-page","status-publish","hentry"],"jetpack_sharing_enabled":true,"_links":{"self":[{"href":"https:\/\/www.simonahlstrom.se\/index.php\/wp-json\/wp\/v2\/pages\/146","targetHints":{"allow":["GET"]}}],"collection":[{"href":"https:\/\/www.simonahlstrom.se\/index.php\/wp-json\/wp\/v2\/pages"}],"about":[{"href":"https:\/\/www.simonahlstrom.se\/index.php\/wp-json\/wp\/v2\/types\/page"}],"author":[{"embeddable":true,"href":"https:\/\/www.simonahlstrom.se\/index.php\/wp-json\/wp\/v2\/users\/1"}],"replies":[{"embeddable":true,"href":"https:\/\/www.simonahlstrom.se\/index.php\/wp-json\/wp\/v2\/comments?post=146"}],"version-history":[{"count":2,"href":"https:\/\/www.simonahlstrom.se\/index.php\/wp-json\/wp\/v2\/pages\/146\/revisions"}],"predecessor-version":[{"id":420,"href":"https:\/\/www.simonahlstrom.se\/index.php\/wp-json\/wp\/v2\/pages\/146\/revisions\/420"}],"wp:attachment":[{"href":"https:\/\/www.simonahlstrom.se\/index.php\/wp-json\/wp\/v2\/media?parent=146"}],"curies":[{"name":"wp","href":"https:\/\/api.w.org\/{rel}","templated":true}]}}