{"id":144,"date":"2024-01-19T12:32:28","date_gmt":"2024-01-19T11:32:28","guid":{"rendered":"https:\/\/www.simonahlstrom.se\/?page_id=144"},"modified":"2024-03-01T15:55:10","modified_gmt":"2024-03-01T14:55:10","slug":"lat-mej-fa-ta-din-hand","status":"publish","type":"page","link":"https:\/\/www.simonahlstrom.se\/index.php\/lat-mej-fa-ta-din-hand\/","title":{"rendered":"L\u00e5t mej f\u00e5 ta din hand"},"content":{"rendered":"\n<hr class=\"wp-block-separator has-alpha-channel-opacity\"\/>\n\n\n\n<p><strong>Text &amp; musik:<\/strong> Simon Ahlstr\u00f6m<\/p>\n\n\n\n<hr class=\"wp-block-separator has-alpha-channel-opacity\"\/>\n\n\n\n<p><strong>Vers 1:<\/strong><br>Jag har virvlat runt i flera \u00e5r,<br>som en vilsen b\u00e5t i en vinterstorm,<br>i str\u00e4van efter den stora k\u00e4rleken.<br>Och s\u00e5 en kv\u00e4ll s\u00e5 stod du d\u00e4r,<br>och lyste upp i m\u00e5nskenet,<br>som en stj\u00e4rna p\u00e5 himmelen. <\/p>\n\n\n\n<p><strong>Vers 2:<\/strong><br>Den inre storm jag burit p\u00e5,<br>mojnade p\u00e5 en sekund,<br>det k\u00e4ndes som jag m\u00f6tt en sj\u00e4lsfr\u00e4nde.<br>S\u00e5 nu har jag f\u00f6rt\u00f6jt min b\u00e5t,<br>i den vackraste hamn jag n\u00e5nsin sett,<br>och n\u00e5t den varmaste famn.<\/p>\n\n\n\n<p><strong>Refr\u00e4ng:<\/strong><br>S\u00e5 l\u00e5t mej nu f\u00e5 ta din hand,<br>l\u00e5t oss utforska v\u00e5r v\u00e4rld ihop.<\/p>\n\n\n\n<p><strong>Vers 3:<\/strong><br>Det s\u00e4gs att k\u00e4rleken helar en,<br>den han v\u00e4rma den mest frusna sj\u00e4l,<br>p\u00e5 ett \u00f6gonblick kan den v\u00e4nda ont till gott.<br>S\u00e5 bortom mitt f\u00f6rsynta jag,<br>vill jag s\u00e4ga att jag gillar dej,<br>s\u00e5 l\u00e5t mej f\u00e5 ta din hand.<\/p>\n\n\n\n<p><strong>Refr\u00e4ng:<\/strong><br>Ja, s\u00e5 l\u00e5t mej nu f\u00e5 ta din hand,<br>l\u00e5t oss segla tillsammans, du och jag. <\/p>\n\n\n\n<hr class=\"wp-block-separator has-alpha-channel-opacity\"\/>\n","protected":false},"excerpt":{"rendered":"<p>Text &amp; musik: Simon Ahlstr\u00f6m Vers 1:Jag har virvlat runt i flera \u00e5r,som en vilsen b\u00e5t i en vinterstorm,i str\u00e4van efter den stora k\u00e4rleken.Och s\u00e5 en kv\u00e4ll s\u00e5 stod du d\u00e4r,och lyste upp i m\u00e5nskenet,som en stj\u00e4rna p\u00e5 himmelen. Vers 2:Den inre storm jag burit p\u00e5,mojnade p\u00e5 en sekund,det k\u00e4ndes som jag m\u00f6tt en sj\u00e4lsfr\u00e4nde.S\u00e5 [&hellip;]<\/p>\n","protected":false},"author":1,"featured_media":0,"parent":0,"menu_order":0,"comment_status":"closed","ping_status":"closed","template":"","meta":{"footnotes":""},"class_list":["post-144","page","type-page","status-publish","hentry"],"jetpack_sharing_enabled":true,"_links":{"self":[{"href":"https:\/\/www.simonahlstrom.se\/index.php\/wp-json\/wp\/v2\/pages\/144","targetHints":{"allow":["GET"]}}],"collection":[{"href":"https:\/\/www.simonahlstrom.se\/index.php\/wp-json\/wp\/v2\/pages"}],"about":[{"href":"https:\/\/www.simonahlstrom.se\/index.php\/wp-json\/wp\/v2\/types\/page"}],"author":[{"embeddable":true,"href":"https:\/\/www.simonahlstrom.se\/index.php\/wp-json\/wp\/v2\/users\/1"}],"replies":[{"embeddable":true,"href":"https:\/\/www.simonahlstrom.se\/index.php\/wp-json\/wp\/v2\/comments?post=144"}],"version-history":[{"count":2,"href":"https:\/\/www.simonahlstrom.se\/index.php\/wp-json\/wp\/v2\/pages\/144\/revisions"}],"predecessor-version":[{"id":421,"href":"https:\/\/www.simonahlstrom.se\/index.php\/wp-json\/wp\/v2\/pages\/144\/revisions\/421"}],"wp:attachment":[{"href":"https:\/\/www.simonahlstrom.se\/index.php\/wp-json\/wp\/v2\/media?parent=144"}],"curies":[{"name":"wp","href":"https:\/\/api.w.org\/{rel}","templated":true}]}}