{"id":142,"date":"2024-01-19T12:27:56","date_gmt":"2024-01-19T11:27:56","guid":{"rendered":"https:\/\/www.simonahlstrom.se\/?page_id=142"},"modified":"2024-03-01T15:56:41","modified_gmt":"2024-03-01T14:56:41","slug":"pendeln","status":"publish","type":"page","link":"https:\/\/www.simonahlstrom.se\/index.php\/pendeln\/","title":{"rendered":"Pendeln"},"content":{"rendered":"\n<hr class=\"wp-block-separator has-alpha-channel-opacity\"\/>\n\n\n\n<p><strong>Text &amp; musik:<\/strong> Simon Ahlstr\u00f6m<\/p>\n\n\n\n<hr class=\"wp-block-separator has-alpha-channel-opacity\"\/>\n\n\n\n<p>Pendeln, den svajar &#8211; v\u00e4nster, h\u00f6ger, i retur.<br>Det dras valser, folk blir skraja,<br>man kan ju undra vad som st\u00e5r p\u00e5 tur.<br>Det \u00e4r dags att b\u00f6rja visa,<br>historien d\u00e5 och nu,<br>och b\u00f6rja inse och begripa,<br>vad som v\u00e4ntar i farstun. <\/p>\n\n\n\n<p>D\u00e4r st\u00e5r avskyn, d\u00e4r st\u00e5r hatet,<br>d\u00e4r st\u00e5r v\u00e5ldet, terrorn och cynismen,<br>och allt annat, som \u00e4r i fatet,<br>pr\u00e4glat av opportunism.<br>N\u00e5gra statsm\u00e4n har anammat, <br>d\u00f6rryckarnas verbalism.<br>Ja, dom sviker, p\u00e5 grund av trycket &#8211; <br>dom har mist sin idealism!<\/p>\n\n\n\n<p>S\u00e5 jag undrar, var \u00e4r dr\u00f6mmarna,<br>var \u00e4r visionerna och framtidssynen?<br>Var \u00e4r kampen, var \u00e4r tankarna,<br>var \u00e4r solidariteten?<br>Var \u00e4r alla id\u00e9erna,<br>som beh\u00f6vs f\u00f6r att bygga framtiden?<br>Var \u00e4r f\u00f6rslagen, var \u00e4r planerna,<br>f\u00f6r att bygga framtiden?<\/p>\n\n\n\n<p>Ja, pendeln, den svajar &#8211; v\u00e4nster, h\u00f6ger, i retur.<br>Det dras valser, folk blir skraja,<br>man kan ju undra vad som st\u00e5r p\u00e5 tur.<br>Det \u00e4r dags att b\u00f6rja visa,<br>historien d\u00e5 och nu,<br>och b\u00f6rja inse och begripa,<br>vad som v\u00e4ntar i farstun.<\/p>\n\n\n\n<hr class=\"wp-block-separator has-alpha-channel-opacity\"\/>\n","protected":false},"excerpt":{"rendered":"<p>Text &amp; musik: Simon Ahlstr\u00f6m Pendeln, den svajar &#8211; v\u00e4nster, h\u00f6ger, i retur.Det dras valser, folk blir skraja,man kan ju undra vad som st\u00e5r p\u00e5 tur.Det \u00e4r dags att b\u00f6rja visa,historien d\u00e5 och nu,och b\u00f6rja inse och begripa,vad som v\u00e4ntar i farstun. D\u00e4r st\u00e5r avskyn, d\u00e4r st\u00e5r hatet,d\u00e4r st\u00e5r v\u00e5ldet, terrorn och cynismen,och allt annat, [&hellip;]<\/p>\n","protected":false},"author":1,"featured_media":0,"parent":0,"menu_order":0,"comment_status":"closed","ping_status":"closed","template":"","meta":{"footnotes":""},"class_list":["post-142","page","type-page","status-publish","hentry"],"jetpack_sharing_enabled":true,"_links":{"self":[{"href":"https:\/\/www.simonahlstrom.se\/index.php\/wp-json\/wp\/v2\/pages\/142","targetHints":{"allow":["GET"]}}],"collection":[{"href":"https:\/\/www.simonahlstrom.se\/index.php\/wp-json\/wp\/v2\/pages"}],"about":[{"href":"https:\/\/www.simonahlstrom.se\/index.php\/wp-json\/wp\/v2\/types\/page"}],"author":[{"embeddable":true,"href":"https:\/\/www.simonahlstrom.se\/index.php\/wp-json\/wp\/v2\/users\/1"}],"replies":[{"embeddable":true,"href":"https:\/\/www.simonahlstrom.se\/index.php\/wp-json\/wp\/v2\/comments?post=142"}],"version-history":[{"count":2,"href":"https:\/\/www.simonahlstrom.se\/index.php\/wp-json\/wp\/v2\/pages\/142\/revisions"}],"predecessor-version":[{"id":424,"href":"https:\/\/www.simonahlstrom.se\/index.php\/wp-json\/wp\/v2\/pages\/142\/revisions\/424"}],"wp:attachment":[{"href":"https:\/\/www.simonahlstrom.se\/index.php\/wp-json\/wp\/v2\/media?parent=142"}],"curies":[{"name":"wp","href":"https:\/\/api.w.org\/{rel}","templated":true}]}}