{"id":140,"date":"2024-01-19T12:24:15","date_gmt":"2024-01-19T11:24:15","guid":{"rendered":"https:\/\/www.simonahlstrom.se\/?page_id=140"},"modified":"2024-03-01T15:57:00","modified_gmt":"2024-03-01T14:57:00","slug":"skattevisan","status":"publish","type":"page","link":"https:\/\/www.simonahlstrom.se\/index.php\/skattevisan\/","title":{"rendered":"Skattevisan"},"content":{"rendered":"\n<hr class=\"wp-block-separator has-alpha-channel-opacity\"\/>\n\n\n\n<p><strong>Text &amp; musik:<\/strong> Simon Ahlstr\u00f6m<\/p>\n\n\n\n<hr class=\"wp-block-separator has-alpha-channel-opacity\"\/>\n\n\n\n<p><strong>Vers 1:<\/strong><br>En del har st\u00e5lar, n\u00e5n av dom skr\u00e5lar,<br>\u00f6ver Sveriges skattesystem.<br>En del dras, till en oas,<br>d\u00e4r skatt \u00e4r ett ytterst litet problem.<\/p>\n\n\n\n<p><strong>Vers 2:<\/strong><br>Dom drar till paradis, med sina flis,<br>f\u00f6r att undanh\u00e5lla slantarna.<br>Sen kritiserar man, ordagrant &#8211; <br>&#8221;Va&#8217; fan f\u00e5r jag f\u00f6r pengarna?&#8221;<\/p>\n\n\n\n<p><strong>Refr\u00e4ng:<\/strong><br>Dom g\u00e5r till omsorg, dom g\u00e5r till sjukv\u00e5rd,<br>dom g\u00e5r till skola, f\u00f6rsvar och kultur.<br>Dom g\u00e5r till v\u00e4gar, dom g\u00e5r till t\u00e5gen,<br>dom g\u00e5r till r\u00e4ttsv\u00e4sende och polis.<\/p>\n\n\n\n<p><strong>Vers 3:<\/strong><br>Men i praktiken, i politiken,<br>b\u00f6r man \u00e4ndra lite i lagtexten,<br>s\u00e5 ingen drar, fr\u00e5n sitt ansvar &#8211; <br>att hj\u00e4lpa varann, det \u00e4r hela grundid\u00e9n!<\/p>\n\n\n\n<p><strong>Refr\u00e4ng:<\/strong><br><em>\/\/: <\/em>Dom g\u00e5r till omsorg, dom g\u00e5r till sjukv\u00e5rd,<br>dom g\u00e5r till skola, f\u00f6rsvar och kultur.<br>Dom g\u00e5r till v\u00e4gar, dom g\u00e5r till t\u00e5gen,<br>dom g\u00e5r till r\u00e4ttsv\u00e4sende och polis. <em>:\/\/<\/em><\/p>\n\n\n\n<hr class=\"wp-block-separator has-alpha-channel-opacity\"\/>\n","protected":false},"excerpt":{"rendered":"<p>Text &amp; musik: Simon Ahlstr\u00f6m Vers 1:En del har st\u00e5lar, n\u00e5n av dom skr\u00e5lar,\u00f6ver Sveriges skattesystem.En del dras, till en oas,d\u00e4r skatt \u00e4r ett ytterst litet problem. Vers 2:Dom drar till paradis, med sina flis,f\u00f6r att undanh\u00e5lla slantarna.Sen kritiserar man, ordagrant &#8211; &#8221;Va&#8217; fan f\u00e5r jag f\u00f6r pengarna?&#8221; Refr\u00e4ng:Dom g\u00e5r till omsorg, dom g\u00e5r till [&hellip;]<\/p>\n","protected":false},"author":1,"featured_media":0,"parent":0,"menu_order":0,"comment_status":"closed","ping_status":"closed","template":"","meta":{"footnotes":""},"class_list":["post-140","page","type-page","status-publish","hentry"],"jetpack_sharing_enabled":true,"_links":{"self":[{"href":"https:\/\/www.simonahlstrom.se\/index.php\/wp-json\/wp\/v2\/pages\/140","targetHints":{"allow":["GET"]}}],"collection":[{"href":"https:\/\/www.simonahlstrom.se\/index.php\/wp-json\/wp\/v2\/pages"}],"about":[{"href":"https:\/\/www.simonahlstrom.se\/index.php\/wp-json\/wp\/v2\/types\/page"}],"author":[{"embeddable":true,"href":"https:\/\/www.simonahlstrom.se\/index.php\/wp-json\/wp\/v2\/users\/1"}],"replies":[{"embeddable":true,"href":"https:\/\/www.simonahlstrom.se\/index.php\/wp-json\/wp\/v2\/comments?post=140"}],"version-history":[{"count":2,"href":"https:\/\/www.simonahlstrom.se\/index.php\/wp-json\/wp\/v2\/pages\/140\/revisions"}],"predecessor-version":[{"id":425,"href":"https:\/\/www.simonahlstrom.se\/index.php\/wp-json\/wp\/v2\/pages\/140\/revisions\/425"}],"wp:attachment":[{"href":"https:\/\/www.simonahlstrom.se\/index.php\/wp-json\/wp\/v2\/media?parent=140"}],"curies":[{"name":"wp","href":"https:\/\/api.w.org\/{rel}","templated":true}]}}