{"id":138,"date":"2024-01-19T12:20:18","date_gmt":"2024-01-19T11:20:18","guid":{"rendered":"https:\/\/www.simonahlstrom.se\/?page_id=138"},"modified":"2024-03-01T15:57:16","modified_gmt":"2024-03-01T14:57:16","slug":"tankar-i-natten","status":"publish","type":"page","link":"https:\/\/www.simonahlstrom.se\/index.php\/tankar-i-natten\/","title":{"rendered":"Tankar i natten"},"content":{"rendered":"\n<hr class=\"wp-block-separator has-alpha-channel-opacity\"\/>\n\n\n\n<p><strong>Text &amp; musik:<\/strong> Simon Ahlstr\u00f6m<\/p>\n\n\n\n<hr class=\"wp-block-separator has-alpha-channel-opacity\"\/>\n\n\n\n<p>N\u00e4r m\u00f6rkret sakta smyger sej p\u00e5,<br>sitter jag ensam i en vr\u00e5,<br>och l\u00e5ter tankarna f\u00e5 komma och g\u00e5,<br>ingenting jag kan r\u00e5 p\u00e5.<\/p>\n\n\n\n<p>Jag funderar p\u00e5 n\u00e4r allt har g\u00e5tt fel,<br>i det blinda k\u00e4rlekens spel,<br>jag besinnar mej f\u00f6r min egen del,<br>f\u00f6r att stegvis kunna bli hel.<\/p>\n\n\n\n<p>Det s\u00e4gs att tiden l\u00e4ker s\u00e5r,<br>sinnet f\u00f6rvandlar t\u00e5r f\u00f6r t\u00e5r,<br>till minnen av dej som jag sen n\u00e5r,<br>n\u00e5nstans i mitt hj\u00e4rtas vr\u00e5r.<\/p>\n\n\n\n<p>Och livet f\u00e5r g\u00e5 vidare,<br>jag kan bara hoppas och be,<br>att jag finner n\u00e5gon som f\u00e5r mej att le,<br>och som inser vem jag \u00e9.<\/p>\n\n\n\n<p>N\u00e4r natten \u00e5ter blir till dag,<br>k\u00e4nner jag gl\u00e4djens behag,<br>och kanske \u00e4r det just idag,<br>som mitt hj\u00e4rta kommer sl\u00e5 dubbla slag,<br>i f\u00f6r\u00e4lskelsens oskrivna lag.<\/p>\n\n\n\n<hr class=\"wp-block-separator has-alpha-channel-opacity\"\/>\n","protected":false},"excerpt":{"rendered":"<p>Text &amp; musik: Simon Ahlstr\u00f6m N\u00e4r m\u00f6rkret sakta smyger sej p\u00e5,sitter jag ensam i en vr\u00e5,och l\u00e5ter tankarna f\u00e5 komma och g\u00e5,ingenting jag kan r\u00e5 p\u00e5. Jag funderar p\u00e5 n\u00e4r allt har g\u00e5tt fel,i det blinda k\u00e4rlekens spel,jag besinnar mej f\u00f6r min egen del,f\u00f6r att stegvis kunna bli hel. Det s\u00e4gs att tiden l\u00e4ker s\u00e5r,sinnet [&hellip;]<\/p>\n","protected":false},"author":1,"featured_media":0,"parent":0,"menu_order":0,"comment_status":"closed","ping_status":"closed","template":"","meta":{"footnotes":""},"class_list":["post-138","page","type-page","status-publish","hentry"],"jetpack_sharing_enabled":true,"_links":{"self":[{"href":"https:\/\/www.simonahlstrom.se\/index.php\/wp-json\/wp\/v2\/pages\/138","targetHints":{"allow":["GET"]}}],"collection":[{"href":"https:\/\/www.simonahlstrom.se\/index.php\/wp-json\/wp\/v2\/pages"}],"about":[{"href":"https:\/\/www.simonahlstrom.se\/index.php\/wp-json\/wp\/v2\/types\/page"}],"author":[{"embeddable":true,"href":"https:\/\/www.simonahlstrom.se\/index.php\/wp-json\/wp\/v2\/users\/1"}],"replies":[{"embeddable":true,"href":"https:\/\/www.simonahlstrom.se\/index.php\/wp-json\/wp\/v2\/comments?post=138"}],"version-history":[{"count":2,"href":"https:\/\/www.simonahlstrom.se\/index.php\/wp-json\/wp\/v2\/pages\/138\/revisions"}],"predecessor-version":[{"id":426,"href":"https:\/\/www.simonahlstrom.se\/index.php\/wp-json\/wp\/v2\/pages\/138\/revisions\/426"}],"wp:attachment":[{"href":"https:\/\/www.simonahlstrom.se\/index.php\/wp-json\/wp\/v2\/media?parent=138"}],"curies":[{"name":"wp","href":"https:\/\/api.w.org\/{rel}","templated":true}]}}