{"id":136,"date":"2024-01-19T12:17:08","date_gmt":"2024-01-19T11:17:08","guid":{"rendered":"https:\/\/www.simonahlstrom.se\/?page_id=136"},"modified":"2024-03-01T15:53:50","modified_gmt":"2024-03-01T14:53:50","slug":"felicia","status":"publish","type":"page","link":"https:\/\/www.simonahlstrom.se\/index.php\/felicia\/","title":{"rendered":"Felicia"},"content":{"rendered":"\n<hr class=\"wp-block-separator has-alpha-channel-opacity\"\/>\n\n\n\n<p><strong>Text &amp; musik:<\/strong> Simon Ahlstr\u00f6m<\/p>\n\n\n\n<hr class=\"wp-block-separator has-alpha-channel-opacity\"\/>\n\n\n\n<p><strong>Vers 1:<\/strong><br>Felicia, sen den f\u00f6rsta kv\u00e4llen vi s\u00e5gs,<br>har du i varje minut och sekund,<br>funnits i mina tankar,<br>herregud, jag \u00e4r galen i dej.<\/p>\n\n\n\n<p><strong>Vers 2:<\/strong><br>Men Felicia, du f\u00e5r f\u00f6rl\u00e5ta mej,<br>f\u00f6r min blyghet och os\u00e4kerhet,<br>men jag har aldrig tr\u00e4ffat en person som du,<br>som f\u00e5tt mina k\u00e4nslor ur spel.<\/p>\n\n\n\n<p><strong>Refr\u00e4ng:<\/strong><br>Ditt leende och din vishet<br>och ditt h\u00e4rliga skratt!<br>Din utstr\u00e5lning \u00e4r s\u00e5 o\u00e4ndligt stor,<br>vill ha dej inatt.<\/p>\n\n\n\n<p><strong>Vers 3: <\/strong><br>Felicia, likt rymdens o\u00e4ndlighet,<br>\u00e4r min beundran f\u00f6r dej,<br>s\u00e5 jag fr\u00e5gar dej nu, varf\u00f6r v\u00e4nta till sen &#8211; <br>f\u00e5r jag bli din ikv\u00e4ll?<br>Ja, jag fr\u00e5gar dej nu, varf\u00f6r v\u00e4nta till sen &#8211; <br>f\u00e5r jag bli din ikv\u00e4ll?<\/p>\n\n\n\n<hr class=\"wp-block-separator has-alpha-channel-opacity\"\/>\n","protected":false},"excerpt":{"rendered":"<p>Text &amp; musik: Simon Ahlstr\u00f6m Vers 1:Felicia, sen den f\u00f6rsta kv\u00e4llen vi s\u00e5gs,har du i varje minut och sekund,funnits i mina tankar,herregud, jag \u00e4r galen i dej. Vers 2:Men Felicia, du f\u00e5r f\u00f6rl\u00e5ta mej,f\u00f6r min blyghet och os\u00e4kerhet,men jag har aldrig tr\u00e4ffat en person som du,som f\u00e5tt mina k\u00e4nslor ur spel. Refr\u00e4ng:Ditt leende och din [&hellip;]<\/p>\n","protected":false},"author":1,"featured_media":0,"parent":0,"menu_order":0,"comment_status":"closed","ping_status":"closed","template":"","meta":{"footnotes":""},"class_list":["post-136","page","type-page","status-publish","hentry"],"jetpack_sharing_enabled":true,"_links":{"self":[{"href":"https:\/\/www.simonahlstrom.se\/index.php\/wp-json\/wp\/v2\/pages\/136","targetHints":{"allow":["GET"]}}],"collection":[{"href":"https:\/\/www.simonahlstrom.se\/index.php\/wp-json\/wp\/v2\/pages"}],"about":[{"href":"https:\/\/www.simonahlstrom.se\/index.php\/wp-json\/wp\/v2\/types\/page"}],"author":[{"embeddable":true,"href":"https:\/\/www.simonahlstrom.se\/index.php\/wp-json\/wp\/v2\/users\/1"}],"replies":[{"embeddable":true,"href":"https:\/\/www.simonahlstrom.se\/index.php\/wp-json\/wp\/v2\/comments?post=136"}],"version-history":[{"count":2,"href":"https:\/\/www.simonahlstrom.se\/index.php\/wp-json\/wp\/v2\/pages\/136\/revisions"}],"predecessor-version":[{"id":418,"href":"https:\/\/www.simonahlstrom.se\/index.php\/wp-json\/wp\/v2\/pages\/136\/revisions\/418"}],"wp:attachment":[{"href":"https:\/\/www.simonahlstrom.se\/index.php\/wp-json\/wp\/v2\/media?parent=136"}],"curies":[{"name":"wp","href":"https:\/\/api.w.org\/{rel}","templated":true}]}}