{"id":134,"date":"2024-01-19T12:13:45","date_gmt":"2024-01-19T11:13:45","guid":{"rendered":"https:\/\/www.simonahlstrom.se\/?page_id=134"},"modified":"2024-03-01T15:55:42","modified_gmt":"2024-03-01T14:55:42","slug":"midsommar","status":"publish","type":"page","link":"https:\/\/www.simonahlstrom.se\/index.php\/midsommar\/","title":{"rendered":"Midsommar"},"content":{"rendered":"\n<hr class=\"wp-block-separator has-alpha-channel-opacity\"\/>\n\n\n\n<p><strong>Text &amp; musik:<\/strong> Simon Ahlstr\u00f6m<\/p>\n\n\n\n<hr class=\"wp-block-separator has-alpha-channel-opacity\"\/>\n\n\n\n<p>Sakta, med tiden, det d\u00f6da har f\u00e5tt liv.<br>Allt detta, genom naturens egna driv.<br>L\u00e5t oss fira detta underbara fenomen,<br>nu n\u00e4r solen st\u00e5r som h\u00f6gst med sitt sken.<br>Njut av gr\u00f6nskan som st\u00e5r i sin fulla glans.<br>Men vackrast, \u00e4r Du, med din midsommarkrans!<\/p>\n\n\n\n<p>Ja, l\u00e5t oss fira detta underbara fenomen,<br>nu n\u00e4r solen st\u00e5r som h\u00f6gst med sitt sken.<br>Njut av gr\u00f6nskan som st\u00e5r i sin fulla glans.<br>Men vackrast, \u00e4r Du, med din midsommarkrans!<\/p>\n\n\n\n<hr class=\"wp-block-separator has-alpha-channel-opacity\"\/>\n","protected":false},"excerpt":{"rendered":"<p>Text &amp; musik: Simon Ahlstr\u00f6m Sakta, med tiden, det d\u00f6da har f\u00e5tt liv.Allt detta, genom naturens egna driv.L\u00e5t oss fira detta underbara fenomen,nu n\u00e4r solen st\u00e5r som h\u00f6gst med sitt sken.Njut av gr\u00f6nskan som st\u00e5r i sin fulla glans.Men vackrast, \u00e4r Du, med din midsommarkrans! Ja, l\u00e5t oss fira detta underbara fenomen,nu n\u00e4r solen st\u00e5r [&hellip;]<\/p>\n","protected":false},"author":1,"featured_media":0,"parent":0,"menu_order":0,"comment_status":"closed","ping_status":"closed","template":"","meta":{"footnotes":""},"class_list":["post-134","page","type-page","status-publish","hentry"],"jetpack_sharing_enabled":true,"_links":{"self":[{"href":"https:\/\/www.simonahlstrom.se\/index.php\/wp-json\/wp\/v2\/pages\/134","targetHints":{"allow":["GET"]}}],"collection":[{"href":"https:\/\/www.simonahlstrom.se\/index.php\/wp-json\/wp\/v2\/pages"}],"about":[{"href":"https:\/\/www.simonahlstrom.se\/index.php\/wp-json\/wp\/v2\/types\/page"}],"author":[{"embeddable":true,"href":"https:\/\/www.simonahlstrom.se\/index.php\/wp-json\/wp\/v2\/users\/1"}],"replies":[{"embeddable":true,"href":"https:\/\/www.simonahlstrom.se\/index.php\/wp-json\/wp\/v2\/comments?post=134"}],"version-history":[{"count":2,"href":"https:\/\/www.simonahlstrom.se\/index.php\/wp-json\/wp\/v2\/pages\/134\/revisions"}],"predecessor-version":[{"id":422,"href":"https:\/\/www.simonahlstrom.se\/index.php\/wp-json\/wp\/v2\/pages\/134\/revisions\/422"}],"wp:attachment":[{"href":"https:\/\/www.simonahlstrom.se\/index.php\/wp-json\/wp\/v2\/media?parent=134"}],"curies":[{"name":"wp","href":"https:\/\/api.w.org\/{rel}","templated":true}]}}