{"id":132,"date":"2024-01-19T12:09:44","date_gmt":"2024-01-19T11:09:44","guid":{"rendered":"https:\/\/www.simonahlstrom.se\/?page_id=132"},"modified":"2024-03-01T15:57:35","modified_gmt":"2024-03-01T14:57:35","slug":"till-dej","status":"publish","type":"page","link":"https:\/\/www.simonahlstrom.se\/index.php\/till-dej\/","title":{"rendered":"Till dej"},"content":{"rendered":"\n<hr class=\"wp-block-separator has-alpha-channel-opacity\"\/>\n\n\n\n<p><strong>Text &amp; musik:<\/strong> Simon Ahlstr\u00f6m<\/p>\n\n\n\n<hr class=\"wp-block-separator has-alpha-channel-opacity\"\/>\n\n\n\n<p><strong>Vers 1:<\/strong><br>Ditt leende, lyser upp vardan&#8217;<br>du f\u00e5r mitt inre att k\u00e4nnas s\u00e5 varmt. <br>Din blick, ja, den t\u00e4nder en gnista,<br>d\u00e5 vill jag ligga varsamt p\u00e5 din arm.<\/p>\n\n\n\n<p><strong>Vers 2:<\/strong><br>Din r\u00f6st, den bed\u00e5rar och v\u00e4rmer,<br>n\u00e4r du viskar k\u00e4rleksfulla ord.<br>Dina l\u00e4ppar, n\u00e4r du kysser mej l\u00e5ngsamt,<br>d\u00e5 vill jag sakta somna i din famn.<\/p>\n\n\n\n<p><strong>Stick:<\/strong><br>Dina h\u00e4nder, s\u00e5 mjuka och lena,<br>n\u00e4r du smeker kinden k\u00e4rleksfullt.<br>\u00c5h, din k\u00e4rlek, s\u00e5 innerligt gr\u00e4nsl\u00f6s,<br>d\u00e5 vill jag stanna tiden en stund!<\/p>\n\n\n\n<p><strong>Vers 3:<\/strong><br>S\u00e5 min v\u00e4n, l\u00e5t oss \u00e5ter m\u00f6tas,<br>n\u00e4r sensommarvinden b\u00f6jer f\u00e4lt.<br>Ja, min v\u00e4n, l\u00e5t oss \u00e5ter m\u00f6tas,<br>n\u00e4r m\u00e5nen \u00e5ter lyser full och klar!<\/p>\n\n\n\n<hr class=\"wp-block-separator has-alpha-channel-opacity\"\/>\n","protected":false},"excerpt":{"rendered":"<p>Text &amp; musik: Simon Ahlstr\u00f6m Vers 1:Ditt leende, lyser upp vardan&#8217;du f\u00e5r mitt inre att k\u00e4nnas s\u00e5 varmt. Din blick, ja, den t\u00e4nder en gnista,d\u00e5 vill jag ligga varsamt p\u00e5 din arm. Vers 2:Din r\u00f6st, den bed\u00e5rar och v\u00e4rmer,n\u00e4r du viskar k\u00e4rleksfulla ord.Dina l\u00e4ppar, n\u00e4r du kysser mej l\u00e5ngsamt,d\u00e5 vill jag sakta somna i din [&hellip;]<\/p>\n","protected":false},"author":1,"featured_media":0,"parent":0,"menu_order":0,"comment_status":"closed","ping_status":"closed","template":"","meta":{"footnotes":""},"class_list":["post-132","page","type-page","status-publish","hentry"],"jetpack_sharing_enabled":true,"_links":{"self":[{"href":"https:\/\/www.simonahlstrom.se\/index.php\/wp-json\/wp\/v2\/pages\/132","targetHints":{"allow":["GET"]}}],"collection":[{"href":"https:\/\/www.simonahlstrom.se\/index.php\/wp-json\/wp\/v2\/pages"}],"about":[{"href":"https:\/\/www.simonahlstrom.se\/index.php\/wp-json\/wp\/v2\/types\/page"}],"author":[{"embeddable":true,"href":"https:\/\/www.simonahlstrom.se\/index.php\/wp-json\/wp\/v2\/users\/1"}],"replies":[{"embeddable":true,"href":"https:\/\/www.simonahlstrom.se\/index.php\/wp-json\/wp\/v2\/comments?post=132"}],"version-history":[{"count":2,"href":"https:\/\/www.simonahlstrom.se\/index.php\/wp-json\/wp\/v2\/pages\/132\/revisions"}],"predecessor-version":[{"id":427,"href":"https:\/\/www.simonahlstrom.se\/index.php\/wp-json\/wp\/v2\/pages\/132\/revisions\/427"}],"wp:attachment":[{"href":"https:\/\/www.simonahlstrom.se\/index.php\/wp-json\/wp\/v2\/media?parent=132"}],"curies":[{"name":"wp","href":"https:\/\/api.w.org\/{rel}","templated":true}]}}