{"id":126,"date":"2024-01-18T17:49:47","date_gmt":"2024-01-18T16:49:47","guid":{"rendered":"https:\/\/www.simonahlstrom.se\/?page_id=126"},"modified":"2024-03-01T15:56:24","modified_gmt":"2024-03-01T14:56:24","slug":"ostra-karaby","status":"publish","type":"page","link":"https:\/\/www.simonahlstrom.se\/index.php\/ostra-karaby\/","title":{"rendered":"\u00d6stra Karaby"},"content":{"rendered":"\n<hr class=\"wp-block-separator has-alpha-channel-opacity\"\/>\n\n\n\n<p><strong>Text &amp; musik:<\/strong> Simon Ahlstr\u00f6m<\/p>\n\n\n\n<hr class=\"wp-block-separator has-alpha-channel-opacity\"\/>\n\n\n\n<p>I soluppg\u00e5ngens famn, i \u00d6stra Karaby,<br>landskapet det vaknar, en helt fantastisk vy.<br>\u00c5krar och \u00e4ngar, s\u00e5 vidstr\u00e4ckt omkring,<br>f\u00f6r \u00f6gat \u00e4r det rena poesin.<br>Som n\u00e4r v\u00e5ren g\u00f6r entr\u00e9, en gr\u00f6nska av praktfull dr\u00e4kt,<br>sommarens energi, ger livet en annan aspekt.<br>Och n\u00e4r h\u00f6stl\u00f6ven dansar \u00f6ver kultiverad jord,<br>innan vintern n\u00e5r fram till oss h\u00e4r i nord.<\/p>\n\n\n\n<p>I \u00d6stra Karaby, d\u00e4r, l\u00e4ngst uppe p\u00e5 h\u00f6jden,<br>st\u00e5r kyrkan med sin prakt, och vakar \u00f6ver bygden.<br>Som den har gjort i hundratals \u00e5r,<br>och gett styrka och k\u00e4rlek, och en och annan t\u00e5r.<br>Det \u00e4r en bygd med anor, omkring medeltidens epok.<br>Jag t\u00e4nker d\u00e5 och d\u00e5, om stenar kunde tala v\u00e5rt spr\u00e5k.<br>T\u00e4nk vad vi l\u00e4rt oss om d\u00e5tidens dar,<br>om dr\u00f6mmarna, om vilket h\u00e5ll framtiden skulle ta. <\/p>\n\n\n\n<p>S\u00e5 i solnedg\u00e5ngens timma, n\u00e4r himlen rodnar i skyn,<br>sitter jag och t\u00e4nker, p\u00e5 den samvaro som finns i byn.<br>H\u00e4r finns en godhet jag inte trodde fans,<br>min l\u00e4rdom fr\u00e5n en by n\u00e5&#8217;n annanstans.<br>S\u00e5 n\u00e4r natten stilla kommer, vill jag somna och dr\u00f6mma om,<br>landskapet och gr\u00f6nskan, om historien som byn b\u00e4r p\u00e5,<br>om \u00e5krar och \u00e4ngar, om att jag haft tur,<br>att jag f\u00e5r leva i min dr\u00f6m just h\u00e4r och nu! <\/p>\n\n\n\n<hr class=\"wp-block-separator has-alpha-channel-opacity\"\/>\n","protected":false},"excerpt":{"rendered":"<p>Text &amp; musik: Simon Ahlstr\u00f6m I soluppg\u00e5ngens famn, i \u00d6stra Karaby,landskapet det vaknar, en helt fantastisk vy.\u00c5krar och \u00e4ngar, s\u00e5 vidstr\u00e4ckt omkring,f\u00f6r \u00f6gat \u00e4r det rena poesin.Som n\u00e4r v\u00e5ren g\u00f6r entr\u00e9, en gr\u00f6nska av praktfull dr\u00e4kt,sommarens energi, ger livet en annan aspekt.Och n\u00e4r h\u00f6stl\u00f6ven dansar \u00f6ver kultiverad jord,innan vintern n\u00e5r fram till oss h\u00e4r i [&hellip;]<\/p>\n","protected":false},"author":1,"featured_media":0,"parent":0,"menu_order":0,"comment_status":"closed","ping_status":"closed","template":"","meta":{"footnotes":""},"class_list":["post-126","page","type-page","status-publish","hentry"],"jetpack_sharing_enabled":true,"_links":{"self":[{"href":"https:\/\/www.simonahlstrom.se\/index.php\/wp-json\/wp\/v2\/pages\/126","targetHints":{"allow":["GET"]}}],"collection":[{"href":"https:\/\/www.simonahlstrom.se\/index.php\/wp-json\/wp\/v2\/pages"}],"about":[{"href":"https:\/\/www.simonahlstrom.se\/index.php\/wp-json\/wp\/v2\/types\/page"}],"author":[{"embeddable":true,"href":"https:\/\/www.simonahlstrom.se\/index.php\/wp-json\/wp\/v2\/users\/1"}],"replies":[{"embeddable":true,"href":"https:\/\/www.simonahlstrom.se\/index.php\/wp-json\/wp\/v2\/comments?post=126"}],"version-history":[{"count":2,"href":"https:\/\/www.simonahlstrom.se\/index.php\/wp-json\/wp\/v2\/pages\/126\/revisions"}],"predecessor-version":[{"id":423,"href":"https:\/\/www.simonahlstrom.se\/index.php\/wp-json\/wp\/v2\/pages\/126\/revisions\/423"}],"wp:attachment":[{"href":"https:\/\/www.simonahlstrom.se\/index.php\/wp-json\/wp\/v2\/media?parent=126"}],"curies":[{"name":"wp","href":"https:\/\/api.w.org\/{rel}","templated":true}]}}