{"id":124,"date":"2024-01-18T17:44:17","date_gmt":"2024-01-18T16:44:17","guid":{"rendered":"https:\/\/www.simonahlstrom.se\/?page_id=124"},"modified":"2024-03-01T15:57:52","modified_gmt":"2024-03-01T14:57:52","slug":"vanskap","status":"publish","type":"page","link":"https:\/\/www.simonahlstrom.se\/index.php\/vanskap\/","title":{"rendered":"V\u00e4nskap"},"content":{"rendered":"\n<hr class=\"wp-block-separator has-alpha-channel-opacity\"\/>\n\n\n\n<p><strong>Text &amp; musik:<\/strong> Simon Ahlstr\u00f6m<\/p>\n\n\n\n<hr class=\"wp-block-separator has-alpha-channel-opacity\"\/>\n\n\n\n<p>Du s\u00e4ger att jag \u00e4r f\u00f6r\u00e4ndrad,<br>och att ingenting \u00e4r l\u00e4ngre som f\u00f6rut.<br>Du tycker att v\u00e5r v\u00e4nskap bli&#8217;tt f\u00f6rsvagad,<br>sen ger du ingen tid att reda ut.<br>Du s\u00e4ger att jag gjort dig besviken,<br>men jag \u00e4r s\u00e4ker p\u00e5 att det inte \u00e4r dina ord.<br>Jag k\u00e4nner dig r\u00e4tt v\u00e4l f\u00f6r att se detaljer,<br>efter allt v\u00e5rt prat om livets sidor.<\/p>\n\n\n\n<p>Jag t\u00e4nker p\u00e5 allt vi f\u00e5tt ta del av,<br>jag t\u00e4nker p\u00e5 dom minnen som best\u00e5r.<br>Jag t\u00e4nker vad din v\u00e4nskap faktiskt gav,<br>mer \u00e4n du kanske kan f\u00f6rst\u00e5?<br>Jag t\u00e4nker att allting f\u00f6r\u00e4ndras,<br>jag t\u00e4nker det ing\u00e5r i livets storhet.<br>Jag uppskattar det jag har och dom jag \u00e4lskar,<br>d\u00e5 livet inte \u00e4r en evighet. <\/p>\n\n\n\n<p>Jag vet att v\u00e4nskap har ett pris,<br>och att inget bara uppst\u00e5r av sig sj\u00e4lvt.<br>Men att bara g\u00e5 ur v\u00e4gen i en kris,<br>g\u00f6r ingen v\u00e4nskap n\u00e5nsin hel!<br>S\u00e5 jag v\u00e4ntar p\u00e5 att dagen ska komma,<br>n\u00e4r du har hittat till min d\u00f6rr.<br>Och v\u00e5r v\u00e4nskap \u00e5ter b\u00f6rjat blomma,<br>med en g\u00e5ng kan allt bli som f\u00f6rr. <\/p>\n\n\n\n<hr class=\"wp-block-separator has-alpha-channel-opacity\"\/>\n","protected":false},"excerpt":{"rendered":"<p>Text &amp; musik: Simon Ahlstr\u00f6m Du s\u00e4ger att jag \u00e4r f\u00f6r\u00e4ndrad,och att ingenting \u00e4r l\u00e4ngre som f\u00f6rut.Du tycker att v\u00e5r v\u00e4nskap bli&#8217;tt f\u00f6rsvagad,sen ger du ingen tid att reda ut.Du s\u00e4ger att jag gjort dig besviken,men jag \u00e4r s\u00e4ker p\u00e5 att det inte \u00e4r dina ord.Jag k\u00e4nner dig r\u00e4tt v\u00e4l f\u00f6r att se detaljer,efter allt [&hellip;]<\/p>\n","protected":false},"author":1,"featured_media":0,"parent":0,"menu_order":0,"comment_status":"closed","ping_status":"closed","template":"","meta":{"footnotes":""},"class_list":["post-124","page","type-page","status-publish","hentry"],"jetpack_sharing_enabled":true,"_links":{"self":[{"href":"https:\/\/www.simonahlstrom.se\/index.php\/wp-json\/wp\/v2\/pages\/124","targetHints":{"allow":["GET"]}}],"collection":[{"href":"https:\/\/www.simonahlstrom.se\/index.php\/wp-json\/wp\/v2\/pages"}],"about":[{"href":"https:\/\/www.simonahlstrom.se\/index.php\/wp-json\/wp\/v2\/types\/page"}],"author":[{"embeddable":true,"href":"https:\/\/www.simonahlstrom.se\/index.php\/wp-json\/wp\/v2\/users\/1"}],"replies":[{"embeddable":true,"href":"https:\/\/www.simonahlstrom.se\/index.php\/wp-json\/wp\/v2\/comments?post=124"}],"version-history":[{"count":2,"href":"https:\/\/www.simonahlstrom.se\/index.php\/wp-json\/wp\/v2\/pages\/124\/revisions"}],"predecessor-version":[{"id":428,"href":"https:\/\/www.simonahlstrom.se\/index.php\/wp-json\/wp\/v2\/pages\/124\/revisions\/428"}],"wp:attachment":[{"href":"https:\/\/www.simonahlstrom.se\/index.php\/wp-json\/wp\/v2\/media?parent=124"}],"curies":[{"name":"wp","href":"https:\/\/api.w.org\/{rel}","templated":true}]}}