{"id":120,"date":"2024-01-18T17:30:57","date_gmt":"2024-01-18T16:30:57","guid":{"rendered":"https:\/\/www.simonahlstrom.se\/?page_id=120"},"modified":"2024-03-01T15:52:36","modified_gmt":"2024-03-01T14:52:36","slug":"bakom-ridan","status":"publish","type":"page","link":"https:\/\/www.simonahlstrom.se\/index.php\/bakom-ridan\/","title":{"rendered":"Bakom rid\u00e5n"},"content":{"rendered":"\n<hr class=\"wp-block-separator has-alpha-channel-opacity\"\/>\n\n\n\n<p class=\"has-text-align-left\"><strong>Text &amp; musik:<\/strong> Simon Ahlstr\u00f6m<\/p>\n\n\n\n<hr class=\"wp-block-separator has-alpha-channel-opacity\"\/>\n\n\n\n<p>Ibland k\u00e4nns livet en smula banalt<br>tidvis brutalt och katastrofalt.<br>Ibland k\u00e4nns det bara s\u00e5 uselt och skralt<br>dystert och tomt, och ytligt och kalt. <\/p>\n\n\n\n<p>Man bygger d\u00e5 upp en yttre fasad,<br>ut\u00e5t ska man ju j\u00e4mt va&#8217; s\u00e5 glad.<br>Men inombords dansar sj\u00e4len till en sorglig ballad,<br>i motsats till det glada livets parad.<\/p>\n\n\n\n<p>Dagarna g\u00e5r, och livet rullar p\u00e5,<br>tillvaron snurrar framf\u00f6r rid\u00e5n.<br>Det blir lite som ett moment tjugotv\u00e5,<br>d\u00e5 tar jag mig en tur, till en plats p\u00e5 m\u00e5f\u00e5.<\/p>\n\n\n\n<p>Jag reser ut i v\u00e4rlden, f\u00f6r att f\u00e5 lite sans,<br>s\u00e5 tankarna kan hamna i balans.<br>Berlin, London, Rom eller n\u00e5&#8217;n annanstans,<br>det spelar ingen roll, bara jag f\u00e5r distans.<\/p>\n\n\n\n<hr class=\"wp-block-separator has-alpha-channel-opacity\"\/>\n","protected":false},"excerpt":{"rendered":"<p>Text &amp; musik: Simon Ahlstr\u00f6m Ibland k\u00e4nns livet en smula banalttidvis brutalt och katastrofalt.Ibland k\u00e4nns det bara s\u00e5 uselt och skraltdystert och tomt, och ytligt och kalt. Man bygger d\u00e5 upp en yttre fasad,ut\u00e5t ska man ju j\u00e4mt va&#8217; s\u00e5 glad.Men inombords dansar sj\u00e4len till en sorglig ballad,i motsats till det glada livets parad. Dagarna [&hellip;]<\/p>\n","protected":false},"author":1,"featured_media":0,"parent":0,"menu_order":0,"comment_status":"closed","ping_status":"closed","template":"","meta":{"footnotes":""},"class_list":["post-120","page","type-page","status-publish","hentry"],"jetpack_sharing_enabled":true,"_links":{"self":[{"href":"https:\/\/www.simonahlstrom.se\/index.php\/wp-json\/wp\/v2\/pages\/120","targetHints":{"allow":["GET"]}}],"collection":[{"href":"https:\/\/www.simonahlstrom.se\/index.php\/wp-json\/wp\/v2\/pages"}],"about":[{"href":"https:\/\/www.simonahlstrom.se\/index.php\/wp-json\/wp\/v2\/types\/page"}],"author":[{"embeddable":true,"href":"https:\/\/www.simonahlstrom.se\/index.php\/wp-json\/wp\/v2\/users\/1"}],"replies":[{"embeddable":true,"href":"https:\/\/www.simonahlstrom.se\/index.php\/wp-json\/wp\/v2\/comments?post=120"}],"version-history":[{"count":3,"href":"https:\/\/www.simonahlstrom.se\/index.php\/wp-json\/wp\/v2\/pages\/120\/revisions"}],"predecessor-version":[{"id":415,"href":"https:\/\/www.simonahlstrom.se\/index.php\/wp-json\/wp\/v2\/pages\/120\/revisions\/415"}],"wp:attachment":[{"href":"https:\/\/www.simonahlstrom.se\/index.php\/wp-json\/wp\/v2\/media?parent=120"}],"curies":[{"name":"wp","href":"https:\/\/api.w.org\/{rel}","templated":true}]}}